{"id":38770,"date":"2023-09-29T10:28:12","date_gmt":"2023-09-29T10:28:12","guid":{"rendered":"https:\/\/evotek.md\/?post_type=product&#038;p=38770"},"modified":"2023-09-29T10:33:05","modified_gmt":"2023-09-29T10:33:05","slug":"aks2204tn","status":"publish","type":"product","link":"https:\/\/evotek.md\/ro\/produse\/echipamente-frigorifice\/masa-frigider\/aks2204tn\/","title":{"rendered":"MASA FRIGORIFICA CU BORDUR LA PERETE, 2 USI, 228 LITRI -AKS2204TN"},"content":{"rendered":"<p><strong>MASA FRIGORIFICA CU BORDUR LA PERETE, 2 USI, 228 LITRI -AKS2204TN-<\/strong> Constructie interioara si externa din otel inoxidabil<br \/>\nridicat spatele cu 10 cm.<br \/>\nEchipament frigorific ventilat cu evaporator tratat cu strat anticoroziv.<br \/>\nRecircularea aerului rece<br \/>\nUnitate frigorific\u0103 \u00eencorporat\u0103 deta\u0219abil\u0103<br \/>\nControler digital<br \/>\nToc de usa cu incalzire anticondens<br \/>\nEvaporarea automat\u0103 a condensului<br \/>\nGrosimea izolatiei 60 mm<br \/>\nTampoane magnetice usor demontabile.<br \/>\nMargini interioare rotunjite<br \/>\nCompartiment de service cu \u00eencuietoare cu cheie<br \/>\nPanoul exterior inferior \u0219i spate din o\u021bel galvanizat.<br \/>\nPicioare reglabile din o\u021bel inoxidabil.<br \/>\nPrevazut cu doua rafturi 330&#215;430 mm.<br \/>\nLa cerere este disponibil un set de 4 rotile (2 dintre ele cu frana) model RBA4.<\/p>\n<p>Caracteristici<br \/>\nPutere: 220 wa\u021bi<br \/>\nAlimentare: 230\/1N\/50<br \/>\nDimensiuni: 1360x600x950h mm<br \/>\nCapacitate tavi\/rafturi: 2 x 330&#215;430 mm<br \/>\nGreutate: 88 kg<br \/>\nInterval de temperatur\u0103: -2 \u00f7 +8<br \/>\nTip de agent frigorific: R290<br \/>\nTemperatura maxima de umiditate: +40 \u00b0C \/ 60% umiditate relativa<br \/>\nCapacitate: 228 l<\/p>\n<p>&nbsp;<\/p>\n","protected":false},"excerpt":{"rendered":"<p>Mas\u0103 frigorific\u0103 cu bordur la perete, cu capacitatea de 228 litri. Putere: 220 wa\u021bi; Alimentare: 230\/1N\/50; Dimensiuni: 1360x600x950h mm; Capacitate tavi\/rafturi: 2 x 330&#215;430 mm; Greutate: 88 kg; Interval de temperatur\u0103: -2 \u00f7 +8; Tip de agent frigorific: R290; Temperatura maxima de umiditate: +40 \u00b0C \/ 60% umiditate relativa; Capacitate: 228 l.<\/p>\n","protected":false},"featured_media":22582,"template":"","meta":[],"_links":{"self":[{"href":"https:\/\/evotek.md\/ro\/wp-json\/wp\/v2\/product\/38770"}],"collection":[{"href":"https:\/\/evotek.md\/ro\/wp-json\/wp\/v2\/product"}],"about":[{"href":"https:\/\/evotek.md\/ro\/wp-json\/wp\/v2\/types\/product"}],"wp:featuredmedia":[{"embeddable":true,"href":"https:\/\/evotek.md\/ro\/wp-json\/wp\/v2\/media\/22582"}],"wp:attachment":[{"href":"https:\/\/evotek.md\/ro\/wp-json\/wp\/v2\/media?parent=38770"}],"curies":[{"name":"wp","href":"https:\/\/api.w.org\/{rel}","templated":true}]}}