{"id":38748,"date":"2023-09-29T07:00:30","date_gmt":"2023-09-29T07:00:30","guid":{"rendered":"https:\/\/evotek.md\/?post_type=product&#038;p=38748"},"modified":"2023-09-29T07:09:03","modified_gmt":"2023-09-29T07:09:03","slug":"sirman-66002500","status":"publish","type":"product","link":"https:\/\/evotek.md\/ro\/produse\/echipamente-electromecanice\/blender-stick\/sirman-66002500\/","title":{"rendered":"TIJA PENTRU BLENDER STICK 250 mm SIRMAN-66002500"},"content":{"rendered":"<p><strong>TIJA PENTRU BLENDER STICK 250 mm SIRMAN-66002500-<\/strong> Tija Sirman Ciclone pentru Blender stick (se vinde separat) v\u0103 \u021bine m\u00e2inile \u00een siguran\u021b\u0103 \u00een timp ce amesteca\u021bi, iar construc\u021bia sa din o\u021bel inoxidabil \u00eel face u\u0219or de cur\u0103\u021bat \u0219i suficient de durabil pentru a rezista la o utilizare constant\u0103. Designul interschimbabil v\u0103 permite s\u0103 \u00eenlocui\u021bi cu u\u0219urin\u021b\u0103 piesa original\u0103 sau s\u0103 comuta\u021bi rapid \u00eentre dimensiunile tijei atunci c\u00e2nd amesteca\u021bi.<\/p>\n<p>Caracteristici<br \/>\nLungime: 250 mm<br \/>\nMaterial: otel inoxidabil<\/p>\n","protected":false},"excerpt":{"rendered":"<p>Tija pentru blender stick (se vinde separat). Lungime: 250 mm; Material: otel inoxidabil.<\/p>\n","protected":false},"featured_media":38751,"template":"","meta":[],"_links":{"self":[{"href":"https:\/\/evotek.md\/ro\/wp-json\/wp\/v2\/product\/38748"}],"collection":[{"href":"https:\/\/evotek.md\/ro\/wp-json\/wp\/v2\/product"}],"about":[{"href":"https:\/\/evotek.md\/ro\/wp-json\/wp\/v2\/types\/product"}],"wp:featuredmedia":[{"embeddable":true,"href":"https:\/\/evotek.md\/ro\/wp-json\/wp\/v2\/media\/38751"}],"wp:attachment":[{"href":"https:\/\/evotek.md\/ro\/wp-json\/wp\/v2\/media?parent=38748"}],"curies":[{"name":"wp","href":"https:\/\/api.w.org\/{rel}","templated":true}]}}