{"id":38743,"date":"2023-09-29T06:45:47","date_gmt":"2023-09-29T06:45:47","guid":{"rendered":"https:\/\/evotek.md\/?post_type=product&#038;p=38743"},"modified":"2023-09-29T06:54:25","modified_gmt":"2023-09-29T06:54:25","slug":"sirman-66510102","status":"publish","type":"product","link":"https:\/\/evotek.md\/ro\/produse\/echipamente-electromecanice\/blender-stick\/sirman-66510102\/","title":{"rendered":"BLENDER STICK 250 mm SIRMAN-66510102"},"content":{"rendered":"<p><strong>BLENDER STICK 250 mm SIRMAN-66510102<\/strong><br \/>\nViteza de rota\u021bie a lamei: 16000 rpm<br \/>\nViteza de rota\u021bie a bateriei: 2300 rpm<br \/>\nCapacitate maxima utilizabila: 20 litri<br \/>\nSistem eficient de racire a motorului<br \/>\nStructur\u0103 de sus\u021binere ABS (alchil benzen sulfonat) puternic\u0103, dar u\u0219oar\u0103, cu fibr\u0103 de sticl\u0103<br \/>\nM\u00e2ner practic \u0219i ergonomic<br \/>\nDispozitiv de siguran\u021b\u0103 \u00eempotriva activ\u0103rii accidentale<br \/>\nButon de blocare a motorului<br \/>\nDispozitiv cu grad de protec\u021bie IP x3<br \/>\nSistem de ata\u0219are rapid\u0103 a tijei<br \/>\nLungime tija 250 mm<br \/>\nCu\u021bit cu trei lame din o\u021bel pentru cu\u021bit<br \/>\nOp\u021biuni (nu sunt incluse \u00een pachetul de livrare \u0219i trebuie comandate separat):<br \/>\nLungimea tubului 350 mm<br \/>\nSuport de capacitate<br \/>\nSuport de perete<br \/>\nBatatorul este realizat din otel inoxidabil cu ambreiaj metalic, poate fi scos cu usurinta si spalat in masina de spalat vase.<\/p>\n<p>Caracteristici<br \/>\nTensiune: 220 V<br \/>\nPutere electrica: 0,2 kW<br \/>\nLungime: 100 mm<br \/>\nLatime: 182 mm<br \/>\nInaltime: 590 mm<br \/>\nGreutate neta: 2 kg<br \/>\nLungime in ambalaj: 430 mm<br \/>\nL\u0103\u021bime in ambalaj: 330 mm<br \/>\n\u00cen\u0103l\u021bime in ambalaj: 145 mm<\/p>\n","protected":false},"excerpt":{"rendered":"<p>Blender 250 mm. Tensiune: 220 V; Putere electrica: 0,2 kW; Lungime: 100 mm; Latime: 182 mm; Inaltime: 590 mm; Greutate neta: 2 kg; Lungime in ambalaj: 430 mm; L\u0103\u021bime in ambalaj: 330 mm; \u00cen\u0103l\u021bime in ambalaj: 145 mm.<\/p>\n","protected":false},"featured_media":38746,"template":"","meta":[],"_links":{"self":[{"href":"https:\/\/evotek.md\/ro\/wp-json\/wp\/v2\/product\/38743"}],"collection":[{"href":"https:\/\/evotek.md\/ro\/wp-json\/wp\/v2\/product"}],"about":[{"href":"https:\/\/evotek.md\/ro\/wp-json\/wp\/v2\/types\/product"}],"wp:featuredmedia":[{"embeddable":true,"href":"https:\/\/evotek.md\/ro\/wp-json\/wp\/v2\/media\/38746"}],"wp:attachment":[{"href":"https:\/\/evotek.md\/ro\/wp-json\/wp\/v2\/media?parent=38743"}],"curies":[{"name":"wp","href":"https:\/\/api.w.org\/{rel}","templated":true}]}}