{"id":38735,"date":"2023-09-27T09:36:31","date_gmt":"2023-09-27T09:36:31","guid":{"rendered":"https:\/\/evotek.md\/?post_type=product&#038;p=38735"},"modified":"2023-09-27T10:00:59","modified_gmt":"2023-09-27T10:00:59","slug":"rollergrill-rfe-8-d","status":"publish","type":"product","link":"https:\/\/evotek.md\/ro\/produse\/echipamente-termice\/friteuze-3\/rollergrill-rfe-8-d\/","title":{"rendered":"FRITEUZA ELECTRICA, 8 LITRI, UN RECIPIENT CU DESPARTITURA -ROLLERGRILL-RFE 8 D"},"content":{"rendered":"<p><strong>FRITEUZA ELECTRICA, 8 LITRI, UN RECIPIENT CU DESPARTITURA -ROLLERGRILL-RFE 8 D-<\/strong> este o friteuza universala potrivita pentru utilizarea zilnica. Friteuza cu aer are o capacitate de 6 litri, ceea ce o face ideal\u0103 pentru prepararea gust\u0103rilor \u00een buc\u0103t\u0103riile profesionale. Friteuza de 6 litri are un finisaj \u00eengrijit, cu col\u021buri rotunjite \u0219i un capac pentru a preveni stropirea uleiului. \u00cempreun\u0103 cu designul ergonomic al friteuzei, aceasta asigur\u0103 o func\u021bionare pl\u0103cut\u0103 \u0219i sigur\u0103. Corpul, friteuza \u0219i co\u0219ul din o\u021bel inoxidabil sunt u\u0219or de cur\u0103\u021bat. Friteuza de 6 litri este potrivit\u0103 pentru pr\u0103jirea unei variet\u0103\u021bi de alimente.<\/p>\n<p>Caracteristici<br \/>\nVolum: 8 l<br \/>\nConexiune: 2&#215;4,5 kW sau 2&#215;3 kW<br \/>\nGreutate: 30 kg<br \/>\nVol\u021bi: 380V 230V, 2 cabluri<br \/>\nDimensiuni exterioare: 400x600x445 mm<br \/>\nDimensiuni cos: 128x320x145 mm<\/p>\n","protected":false},"excerpt":{"rendered":"<p>Friteuz\u0103 electric\u0103, un recipient separat, fiecare cu sistem de scurgere. Volum: 8 l; Conexiune: 2&#215;4,5 kW sau 2&#215;3 kW; Greutate: 30 kg; Vol\u021bi: 380V 230V, 2 cabluri; Dimensiuni exterioare: 400x600x445 mm; Dimensiuni cos: 128x320x145 mm.<\/p>\n","protected":false},"featured_media":38737,"template":"","meta":[],"_links":{"self":[{"href":"https:\/\/evotek.md\/ro\/wp-json\/wp\/v2\/product\/38735"}],"collection":[{"href":"https:\/\/evotek.md\/ro\/wp-json\/wp\/v2\/product"}],"about":[{"href":"https:\/\/evotek.md\/ro\/wp-json\/wp\/v2\/types\/product"}],"wp:featuredmedia":[{"embeddable":true,"href":"https:\/\/evotek.md\/ro\/wp-json\/wp\/v2\/media\/38737"}],"wp:attachment":[{"href":"https:\/\/evotek.md\/ro\/wp-json\/wp\/v2\/media?parent=38735"}],"curies":[{"name":"wp","href":"https:\/\/api.w.org\/{rel}","templated":true}]}}