{"id":38728,"date":"2023-09-27T09:27:26","date_gmt":"2023-09-27T09:27:25","guid":{"rendered":"https:\/\/evotek.md\/?post_type=product&#038;p=38728"},"modified":"2023-09-27T09:32:57","modified_gmt":"2023-09-27T09:32:57","slug":"rollergrill-fd-50","status":"publish","type":"product","link":"https:\/\/evotek.md\/ro\/produse\/echipamente-termice\/friteuze-3\/rollergrill-fd-50\/","title":{"rendered":"FRITEUZA ELECTRICA, 5 LITRI -ROLLERGRILL-FD 50"},"content":{"rendered":"<p><strong>FRITEUZA ELECTRICA, 5 LITRI -ROLLERGRILL-FD 50-<\/strong> este o friteuz\u0103 universal\u0103 potrivit\u0103 pentru utilizarea zilnic\u0103. Friteuza cu aer are o capacitate de 6 litri, ceea ce o face ideal\u0103 pentru prepararea gust\u0103rilor \u00een buc\u0103t\u0103riile profesionale. Friteuza de 6 litri are un finisaj \u00eengrijit, cu col\u021buri rotunjite \u0219i un capac pentru a preveni stropirea uleiului. \u00cempreun\u0103 cu designul ergonomic al friteuzei, aceasta asigur\u0103 o func\u021bionare pl\u0103cut\u0103 \u0219i sigur\u0103. Corpul, friteuza \u0219i co\u0219ul din o\u021bel inoxidabil sunt u\u0219or de cur\u0103\u021bat. Friteuza de 6 litri este potrivit\u0103 pentru pr\u0103jirea unei variet\u0103\u021bi de alimente.<\/p>\n<p>Caracteristici<br \/>\nCapacitate: 5 litri<br \/>\nConexiune: 3,2 kW<br \/>\nGreutate: 5 kg<br \/>\nVol\u021bi: 230 V<br \/>\nDimensiuni exterioare: 215x425x320 mm<br \/>\nDimensiuni cos: 140x260x100 mm<\/p>\n","protected":false},"excerpt":{"rendered":"<p>Friteuza electrica. Capacitate: 5 litri; Conexiune: 3,2 kW; Greutate: 5 kg; Vol\u021bi: 230 V; Dimensiuni exterioare: 215x425x320 mm; Dimensiuni cos: 140x260x100 mm.<\/p>\n","protected":false},"featured_media":38731,"template":"","meta":[],"_links":{"self":[{"href":"https:\/\/evotek.md\/ro\/wp-json\/wp\/v2\/product\/38728"}],"collection":[{"href":"https:\/\/evotek.md\/ro\/wp-json\/wp\/v2\/product"}],"about":[{"href":"https:\/\/evotek.md\/ro\/wp-json\/wp\/v2\/types\/product"}],"wp:featuredmedia":[{"embeddable":true,"href":"https:\/\/evotek.md\/ro\/wp-json\/wp\/v2\/media\/38731"}],"wp:attachment":[{"href":"https:\/\/evotek.md\/ro\/wp-json\/wp\/v2\/media?parent=38728"}],"curies":[{"name":"wp","href":"https:\/\/api.w.org\/{rel}","templated":true}]}}