{"id":38722,"date":"2023-09-27T08:50:03","date_gmt":"2023-09-27T08:50:02","guid":{"rendered":"https:\/\/evotek.md\/?post_type=product&#038;p=38722"},"modified":"2023-12-07T11:57:06","modified_gmt":"2023-12-07T11:57:06","slug":"rollergrill-fd-80-r","status":"publish","type":"product","link":"https:\/\/evotek.md\/ro\/produse\/echipamente-termice\/friteuze-3\/rollergrill-fd-80-r\/","title":{"rendered":"FRUTEUZA ELECTRICA, CU ROBINET 2&#215;8 L -ROLLERGRILL-FD 80 R"},"content":{"rendered":"<p>FRUTEUZA ELECTRICA, CU ROBINET 2&#215;8 L -ROLLERGRILL-FD 80 R- Friteuza Electrica 2 x 8 L este o friteuza dubla versatila potrivita pentru utilizarea de zi cu zi. Friteuza are recipiente de 2 x 8 litri, ceea ce o face ideala pentru prepararea gustarilor in bucatariile profesionale. Friteuza de 2 x 8 L este finisat\u0103 frumos, cu col\u021buri rotunjite \u0219i vine cu capace pentru a preveni stropirea uleiului. \u00cempreun\u0103 cu designul ergonomic al friteuzei, aceasta asigur\u0103 o func\u021bionare pl\u0103cut\u0103 \u0219i sigur\u0103. Corpul, tigaia \u0219i co\u0219ul din o\u021bel inoxidabil sunt u\u0219or de cur\u0103\u021bat. Friteuza de 16 litri este potrivit\u0103 pentru pr\u0103jirea unei variet\u0103\u021bi de alimente.<\/p>\n<p>Caracteristici<br \/>\nVolum: 2&#215;8 l<br \/>\nConexiune: 3,4 kW<br \/>\nDimensiuni exterioare: 305x450x360 mm<br \/>\nGreutate: 8 kg<br \/>\nVolti: 230 V<br \/>\nDimensiuni cos: 220x260x100 mm<\/p>\n","protected":false},"excerpt":{"rendered":"<p>Friteuza electrica 2 x 8 litri. Conexiune: 3,4 kW; Dimensiuni exterioare: 305x450x360 mm; Greutate: 8 kg; Volti: 230 V; Dimensiuni cos: 220x260x100 mm.<\/p>\n","protected":false},"featured_media":38726,"template":"","meta":[],"_links":{"self":[{"href":"https:\/\/evotek.md\/ro\/wp-json\/wp\/v2\/product\/38722"}],"collection":[{"href":"https:\/\/evotek.md\/ro\/wp-json\/wp\/v2\/product"}],"about":[{"href":"https:\/\/evotek.md\/ro\/wp-json\/wp\/v2\/types\/product"}],"wp:featuredmedia":[{"embeddable":true,"href":"https:\/\/evotek.md\/ro\/wp-json\/wp\/v2\/media\/38726"}],"wp:attachment":[{"href":"https:\/\/evotek.md\/ro\/wp-json\/wp\/v2\/media?parent=38722"}],"curies":[{"name":"wp","href":"https:\/\/api.w.org\/{rel}","templated":true}]}}