{"id":38716,"date":"2023-09-27T08:25:56","date_gmt":"2023-09-27T08:25:56","guid":{"rendered":"https:\/\/evotek.md\/?post_type=product&#038;p=38716"},"modified":"2023-09-27T08:47:21","modified_gmt":"2023-09-27T08:47:21","slug":"psr-900-ee","status":"publish","type":"product","link":"https:\/\/evotek.md\/ro\/produse\/echipamente-termice\/suprafete-de-prajire\/psr-900-ee\/","title":{"rendered":"SUPRAFATA DE PRAJIT ELECTRICA, NETEDA, DIN OTEL EMAILAT -ROLLERGRILL-PSR 900 EE"},"content":{"rendered":"<p><strong>SUPRAFATA DE PRAJIT ELECTRICA, NETEDA, DIN OTEL EMAILAT -ROLLERGRILL-PSR 900 EE<\/strong>&#8211; Proiectat pentru unit\u0103\u021bile de fast-food. Aparatul garanteaza mancare perfect gatita. Acest model are o suprafa\u021b\u0103 complet plan\u0103. Aragazul are indicatori, datorit\u0103 c\u0103rora pute\u021bi regla temperatura. Acest aragaz are picioare de cauciuc pentru a preveni alunecarea.<\/p>\n<p>Caracteristici<br \/>\nSuprafata de gatit: 900&#215;400 mm<br \/>\nCapacitate: 3 zone de incalzire<br \/>\nSuprafata: otel emailat<br \/>\nConexiune: 9 kW sau 3&#215;3 kW (3 cabluri)<br \/>\nDimensiuni exterioare: 900x475x230 mm<br \/>\nGreutate: 44 kg<br \/>\nVol\u021bi: 380 V sau 230 V<\/p>\n","protected":false},"excerpt":{"rendered":"<div>Suprafa\u021b\u0103 de pr\u0103jire din otel emailat, neteda. Suprafata de gatit: 900&#215;400 mm; Capacitate: 3 zone de incalzire; Suprafata: otel emailat; Conexiune: 9 kW sau 3&#215;3 kW (3 cabluri); Dimensiuni exterioare: 900x475x230 mm; Greutate: 44 kg; Vol\u021bi: 380 V sau 230 V.<\/div>\n","protected":false},"featured_media":38719,"template":"","meta":[],"_links":{"self":[{"href":"https:\/\/evotek.md\/ro\/wp-json\/wp\/v2\/product\/38716"}],"collection":[{"href":"https:\/\/evotek.md\/ro\/wp-json\/wp\/v2\/product"}],"about":[{"href":"https:\/\/evotek.md\/ro\/wp-json\/wp\/v2\/types\/product"}],"wp:featuredmedia":[{"embeddable":true,"href":"https:\/\/evotek.md\/ro\/wp-json\/wp\/v2\/media\/38719"}],"wp:attachment":[{"href":"https:\/\/evotek.md\/ro\/wp-json\/wp\/v2\/media?parent=38716"}],"curies":[{"name":"wp","href":"https:\/\/api.w.org\/{rel}","templated":true}]}}