{"id":38713,"date":"2023-09-27T08:12:56","date_gmt":"2023-09-27T08:12:56","guid":{"rendered":"https:\/\/evotek.md\/?post_type=product&#038;p=38713"},"modified":"2023-09-27T08:23:35","modified_gmt":"2023-09-27T08:23:35","slug":"psr-600-e","status":"publish","type":"product","link":"https:\/\/evotek.md\/ro\/produse\/echipamente-termice\/suprafete-de-prajire\/psr-600-e\/","title":{"rendered":"SUPRAFATA DE PRAJIT ELECTRICA, NETEDA, DIN OTEL DECARBONIZAT -ROLLERGRILL-PSR 600 E"},"content":{"rendered":"<p><strong>SUPRAFATA DE PRAJIT ELECTRICA, NETEDA, DIN OTEL DECARBONIZAT -ROLLERGRILL-PSR 600 E-<\/strong> Proiectat pentru unit\u0103\u021bile de fast-food. Aparatul garanteaza mancare perfect gatita. Acest model are o suprafa\u021b\u0103 complet plan\u0103. Aragazul are indicatori, datorit\u0103 c\u0103rora pute\u021bi regla temperatura. Acest aragaz are picioare de cauciuc pentru a preveni alunecarea.<\/p>\n<p>Caracteristici<br \/>\nConexiune: 6 kW sau 2 x 3 kW (2 cabluri)<br \/>\nDimensiuni exterioare: 600x475x230 mm<br \/>\nDimensiuni suprafata: 600&#215;400 mm<br \/>\nTotal: 32 kg<br \/>\nFinisaj: fonta<\/p>\n","protected":false},"excerpt":{"rendered":"<div>Suprafa\u021b\u0103 de pr\u0103jire din font\u0103, neteda. Conexiune: 6 kW sau 2 x 3 kW (2 cabluri); Dimensiuni exterioare: 600x475x230 mm; Dimensiuni suprafata de prajit: 600&#215;400 mm; Total: 32 kg; Suprafata: fonta.<\/div>\n","protected":false},"featured_media":38710,"template":"","meta":[],"_links":{"self":[{"href":"https:\/\/evotek.md\/ro\/wp-json\/wp\/v2\/product\/38713"}],"collection":[{"href":"https:\/\/evotek.md\/ro\/wp-json\/wp\/v2\/product"}],"about":[{"href":"https:\/\/evotek.md\/ro\/wp-json\/wp\/v2\/types\/product"}],"wp:featuredmedia":[{"embeddable":true,"href":"https:\/\/evotek.md\/ro\/wp-json\/wp\/v2\/media\/38710"}],"wp:attachment":[{"href":"https:\/\/evotek.md\/ro\/wp-json\/wp\/v2\/media?parent=38713"}],"curies":[{"name":"wp","href":"https:\/\/api.w.org\/{rel}","templated":true}]}}