{"id":38707,"date":"2023-09-27T07:35:26","date_gmt":"2023-09-27T07:35:26","guid":{"rendered":"https:\/\/evotek.md\/?post_type=product&#038;p=38707"},"modified":"2023-09-27T08:04:14","modified_gmt":"2023-09-27T08:04:14","slug":"rollergrill-psf-600-e","status":"publish","type":"product","link":"https:\/\/evotek.md\/ro\/produse\/echipamente-termice\/suprafete-de-prajire\/rollergrill-psf-600-e\/","title":{"rendered":"SUPRAFATA DE PRAJIT ELECTRICA, NETEDA, DIN FONTA -ROLLERGRILL-PSF 600 E"},"content":{"rendered":"<div><strong>SUPRAFATA DE PRAJIT ELECTRICA, NETEDA, DIN FONTA -ROLLERGRILL-PSF 600 E-<\/strong>\u00a0Suprafa\u021ba de pr\u0103jire este conceput\u0103 pentru pr\u0103jirea c\u0103rnii, pe\u0219telui, c\u0103rnii de pas\u0103re, legumelor, sandvi\u0219urilor \u0219i kebab-urilor \u00een unit\u0103\u021bile de catering \u0219i comer\u021b. Modelul este echipat cu termostat. Corpul este realizat din otel inoxidabil.<\/div>\n<div>\n<p>Caracteristici<br \/>\nConexiune: 6 kW sau 2 x 3 kW (2 cabluri)<br \/>\nDimensiuni exterioare: 600x475x230 mm<br \/>\nDimensiuni suprafata de prajit: 600&#215;400 mm<br \/>\nTotal: 33 kg<br \/>\nSuprafata: fonta<\/p>\n<\/div>\n","protected":false},"excerpt":{"rendered":"<div>Suprafa\u021b\u0103 de pr\u0103jire din font\u0103, neteda. Conexiune: 6 kW sau 2 x 3 kW (2 cabluri); Dimensiuni exterioare: 600x475x230 mm; Dimensiuni suprafata de prajit: 600&#215;400 mm; Total: 33 kg; Suprafata: fonta.<\/div>\n","protected":false},"featured_media":38710,"template":"","meta":[],"_links":{"self":[{"href":"https:\/\/evotek.md\/ro\/wp-json\/wp\/v2\/product\/38707"}],"collection":[{"href":"https:\/\/evotek.md\/ro\/wp-json\/wp\/v2\/product"}],"about":[{"href":"https:\/\/evotek.md\/ro\/wp-json\/wp\/v2\/types\/product"}],"wp:featuredmedia":[{"embeddable":true,"href":"https:\/\/evotek.md\/ro\/wp-json\/wp\/v2\/media\/38710"}],"wp:attachment":[{"href":"https:\/\/evotek.md\/ro\/wp-json\/wp\/v2\/media?parent=38707"}],"curies":[{"name":"wp","href":"https:\/\/api.w.org\/{rel}","templated":true}]}}