{"id":3843,"date":"2020-03-04T15:50:18","date_gmt":"2020-03-04T15:50:18","guid":{"rendered":"https:\/\/evotek.md\/?post_type=product&#038;p=3843"},"modified":"2020-03-04T15:50:18","modified_gmt":"2020-03-04T15:50:18","slug":"carucior-pentru-deservire-hkn-kst-11-3","status":"publish","type":"product","link":"https:\/\/evotek.md\/ro\/produse\/mobila-din-inox\/carucioare-pentru-transportare-si-depozitare\/carucior-pentru-deservire-hkn-kst-11-3\/","title":{"rendered":"C\u0102RUCIOR PENTRU DESERVIRE -HKN KST-11\/3"},"content":{"rendered":"<p><strong>C\u0102RUCIOR PENTRU DESERVIRE<\/strong> <strong>&#8211;<\/strong><strong>HKN KST-11\/3<\/strong><strong>&#8211;<\/strong> Este utilizat \u00een unit\u0103\u021bile de alimenta\u021bie public\u0103 pentru deservirea bucatelor preparate \u0219i colectarea ustensilelor de buc\u0103t\u0103rie, farfurii, pahare \u0219i c\u0103ni. Carcasa demontabil\u0103 din conduct\u0103 20&#215;20 mm din inox AISI 304.<\/p>\n<p>Caracteristici<\/p>\n<p>Dimensiuni: 800x500x930 mm<\/p>\n<p>3 rafturi din inox AISI 304 0,37V, \u043c3<\/p>\n<p>Greutate net\u0103: 15,2 kg<\/p>\n<p>&nbsp;<\/p>\n","protected":false},"excerpt":{"rendered":"<p>C\u0103rucior pentru colectarea vaselor, cu trei rafturi. Dimensiuni: 800x500x930 mm; 3 rafturi din inox AISI 304 0,37V, \u043c3; Greutate net\u0103: 15,2 kg.<\/p>\n","protected":false},"featured_media":3842,"template":"","meta":[],"_links":{"self":[{"href":"https:\/\/evotek.md\/ro\/wp-json\/wp\/v2\/product\/3843"}],"collection":[{"href":"https:\/\/evotek.md\/ro\/wp-json\/wp\/v2\/product"}],"about":[{"href":"https:\/\/evotek.md\/ro\/wp-json\/wp\/v2\/types\/product"}],"wp:featuredmedia":[{"embeddable":true,"href":"https:\/\/evotek.md\/ro\/wp-json\/wp\/v2\/media\/3842"}],"wp:attachment":[{"href":"https:\/\/evotek.md\/ro\/wp-json\/wp\/v2\/media?parent=3843"}],"curies":[{"name":"wp","href":"https:\/\/api.w.org\/{rel}","templated":true}]}}