{"id":38419,"date":"2023-09-19T08:39:47","date_gmt":"2023-09-19T08:39:48","guid":{"rendered":"https:\/\/evotek.md\/?post_type=product&#038;p=38419"},"modified":"2023-11-29T15:22:57","modified_gmt":"2023-11-29T15:22:57","slug":"ak943-2d","status":"publish","type":"product","link":"https:\/\/evotek.md\/ro\/produse\/echipamente-frigorifice\/masa-frigider\/ak943-2d\/","title":{"rendered":"MASA FRIGORIFICA 2 USI, 2 SERTARE 368 LITRI -AK943-2D"},"content":{"rendered":"<p><strong>MASA FRIGORIFICA 2 USI, 2 SERTARE 368 LITRI -AK943-2D-<\/strong> Masa frigorifica cu structura interioara si exterioara din inox.<\/p>\n<p>Caracteristici<br \/>\nConstructie interioara si externa din otel inoxidabil<br \/>\nR\u0103cire static\u0103<br \/>\nUnitate frigorific\u0103 \u00eencorporat\u0103<br \/>\nControler digital<br \/>\nEvaporarea automat\u0103 a condensului<br \/>\nDezghe\u021ba\u021bi c\u00e2nd compresorul se opre\u0219te<br \/>\nGrosimea izolatiei 35 mm<br \/>\nTampoane magnetice usor demontabile.<br \/>\nMargini interioare rotunjite<br \/>\nPanoul exterior inferior \u0219i spate din o\u021bel galvanizat.<br \/>\nEchipat cu 2 rafturi GN1\/1, si 2 sertare <span style=\"font-size: 14.4px\">300&#215;525 mm<\/span><br \/>\nClasa climatica: 4<br \/>\nPutere: 280 wa\u021bi<br \/>\nAlimentare: 230\/1N\/50<br \/>\nDomeniu de temperatur\u0103: \u00b0C +2 \u00f7 +8<br \/>\nTemperatura maxima \/ umiditate: +33 \u00b0C \/ 60% RH<br \/>\nDimensiuni: 1365x700x850h mm<br \/>\nDimensiuni interioare: 1295x595x500h mm<br \/>\nCapacitate de depozitare: 368 litri<br \/>\nTip 2 x GN1\/1<br \/>\nGreutate neta: 112 kg<br \/>\nGreutate cu ambalaj: 127,5 kg<br \/>\nDimensiuni ambalaj: 139x73x103 cm<\/p>\n","protected":false},"excerpt":{"rendered":"<p>Mas\u0103 frigorific\u0103 cu capacitatea de 368 litri. Echipat cu 2 rafturi GN1\/1, si 2 sertare <span style=\"font-size: 14.4px\">300&#215;525 mm; <\/span>Clasa climatica: 4; Putere: 280 wa\u021bi; Alimentare: 230\/1N\/50; Domeniu de temperatur\u0103: \u00b0C +2 \u00f7 +8; Temperatura maxima \/ umiditate: +33 \u00b0C \/ 60% RH; Dimensiuni: 1365x700x850h mm; Dimensiuni interioare: 1295x595x500h mm; Capacitate de depozitare: 368 litri; Tip 2 x GN1\/1; Greutate neta: 112 kg; Greutate cu ambalaj: 127,5 kg; Dimensiuni ambalaj: 139x73x103 cm.<\/p>\n","protected":false},"featured_media":38790,"template":"","meta":[],"_links":{"self":[{"href":"https:\/\/evotek.md\/ro\/wp-json\/wp\/v2\/product\/38419"}],"collection":[{"href":"https:\/\/evotek.md\/ro\/wp-json\/wp\/v2\/product"}],"about":[{"href":"https:\/\/evotek.md\/ro\/wp-json\/wp\/v2\/types\/product"}],"wp:featuredmedia":[{"embeddable":true,"href":"https:\/\/evotek.md\/ro\/wp-json\/wp\/v2\/media\/38790"}],"wp:attachment":[{"href":"https:\/\/evotek.md\/ro\/wp-json\/wp\/v2\/media?parent=38419"}],"curies":[{"name":"wp","href":"https:\/\/api.w.org\/{rel}","templated":true}]}}