{"id":38410,"date":"2023-09-19T08:21:48","date_gmt":"2023-09-19T08:21:48","guid":{"rendered":"https:\/\/evotek.md\/?post_type=product&#038;p=38410"},"modified":"2023-09-29T14:06:39","modified_gmt":"2023-09-29T14:06:39","slug":"%d0%b0%d0%ba14433","status":"publish","type":"product","link":"https:\/\/evotek.md\/ro\/produse\/echipamente-frigorifice\/vitrine-saladete\/%d0%b0%d0%ba14433\/","title":{"rendered":"VITRINA SALADETA, GN1\/4\u00d76, 150 mm 140 \u0441\u043c -AMITEK-\u0410K14433"},"content":{"rendered":"<p><strong style=\"font-size: 14.4px\">VITRINA SALADETA, GN1\/4\u00d76, 150 mm 140 \u0441\u043c -AMITEK-\u0410K14433- <\/strong><span style=\"font-size: 14.4px\">Vitrin\u0103 frigorific\u0103 cu o capacitate de 6\u00d71\/4 GN \u0219i sticl\u0103 dreptunghiular\u0103. Este conceput\u0103 pentru p\u0103strarea prospe\u021bimii produselor \u0219i demonstra\u021bia lor \u00een institu\u021biile comerciale. Vitrinele au capacitatea de a r\u0103ci produsele \u0219i de a le p\u0103stra ca \u00een starea ini\u021bial\u0103 pentru o perioad\u0103 lung\u0103 de timp.\u00a0<\/span><\/p>\n<p>Caracteristici<br \/>\nConstructie interioara si externa din otel inoxidabil<br \/>\nR\u0103cire static\u0103<br \/>\nUnitate frigorific\u0103 \u00eencorporat\u0103<br \/>\nControler digital<br \/>\nGrosimea izolatiei 40 mm<br \/>\nSticla de protectie inclusa<br \/>\nPotrivit pentru recipiente gastronorm din o\u021bel inoxidabil sau policarbonat cu o \u00een\u0103l\u021bime maxim\u0103 de 150 mm (nu sunt incluse).<br \/>\nPutere: 110 wa\u021bi<br \/>\nAlimentare: 230\/1N\/50<br \/>\nInterval de temperatur\u0103: C +2 \u00f7 +8<br \/>\nTip de agent frigorific: P600a<br \/>\nTemperatura maxima \/ umiditate: +33 \u00b0C \/ 60% umiditate relativa<br \/>\nDimensiuni: 1400x335x435h mm<br \/>\nCapacitate: 6 x GN1\/4, 150 mm<br \/>\nGreutate neta: 41 kg<br \/>\nAmbalat \u00eentreg: 54 kg<br \/>\nDimensiune ambalaj: 149x40x46h cm<\/p>\n","protected":false},"excerpt":{"rendered":"<p><span style=\"font-size: 14.4px\">Vitrin\u0103 frigorific\u0103 cu o capacitate de 6\u00d71\/4 GN \u0219i sticl\u0103 dreptunghiular\u0103. Potrivit pentru recipiente gastronorm din o\u021bel inoxidabil sau policarbonat cu o \u00een\u0103l\u021bime maxim\u0103 de 150 mm (nu sunt incluse); Putere: 110 wa\u021bi; Alimentare: 230\/1N\/50; Interval de temperatur\u0103: C +2 \u00f7 +8; Tip de agent frigorific: P600a; Temperatura maxima \/ umiditate: +33 \u00b0C \/ 60% umiditate relativa; Dimensiuni: 1400x335x435h mm; Capacitate: 6 x GN1\/4, 150 mm; Greutate neta: 41 kg; Ambalat \u00eentreg: 54 kg; Dimensiune ambalaj: 149x40x46h cm.<\/span><\/p>\n<p>&nbsp;<\/p>\n","protected":false},"featured_media":38413,"template":"","meta":[],"_links":{"self":[{"href":"https:\/\/evotek.md\/ro\/wp-json\/wp\/v2\/product\/38410"}],"collection":[{"href":"https:\/\/evotek.md\/ro\/wp-json\/wp\/v2\/product"}],"about":[{"href":"https:\/\/evotek.md\/ro\/wp-json\/wp\/v2\/types\/product"}],"wp:featuredmedia":[{"embeddable":true,"href":"https:\/\/evotek.md\/ro\/wp-json\/wp\/v2\/media\/38413"}],"wp:attachment":[{"href":"https:\/\/evotek.md\/ro\/wp-json\/wp\/v2\/media?parent=38410"}],"curies":[{"name":"wp","href":"https:\/\/api.w.org\/{rel}","templated":true}]}}