{"id":38404,"date":"2023-09-19T08:06:01","date_gmt":"2023-09-19T08:06:00","guid":{"rendered":"https:\/\/evotek.md\/?post_type=product&#038;p=38404"},"modified":"2023-09-19T08:35:33","modified_gmt":"2023-09-19T08:35:33","slug":"ak943pz","status":"publish","type":"product","link":"https:\/\/evotek.md\/ro\/produse\/echipamente-frigorifice\/masa-frigider\/ak943pz\/","title":{"rendered":"MASA FRIGORIFICA 3 USI, 368 LITRI -AMITEK-AK943PZ"},"content":{"rendered":"<p><strong>MASA FRIGORIFICA 3 USI, 368 LITRI -AMITEK-AK943PZ<\/strong><\/p>\n<p>Caracteristici<br \/>\nConstructie interioara si externa din otel inoxidabil<br \/>\nBlat de granit<br \/>\nGranit 20 cm, spate ridicat<br \/>\nR\u0103cire static\u0103<br \/>\nUnitate frigorific\u0103 \u00eencorporat\u0103<br \/>\nControler digital<br \/>\nEvaporarea automat\u0103 a condensului<br \/>\nDezghe\u021ba\u021bi c\u00e2nd compresorul se opre\u0219te<br \/>\nGrosimea izolatiei: 35 mm<br \/>\nTampoane magnetice usor demontabile<br \/>\nMargini interioare rotunjite<br \/>\nPanoul exterior inferior \u0219i spate din o\u021bel galvanizat<br \/>\nEchipat cu 3 rafturi GN1\/1<br \/>\nClasa de energie electric\u0103 E (2015\/1094\/UE)<br \/>\nClasa climatica: 4<br \/>\nPutere: 280 watt<br \/>\nAlimentare: 230\/1N\/50<br \/>\nInterval de temperatur\u0103: +2 \u00f7 +8 \u00b0\u0421<br \/>\nTip de agent frigorific: R290<br \/>\nTemperatura\/umiditate maxima: +33 \u00b0C \/ 60% umiditate relativa<br \/>\nDimensiuni: 1400x700x1020h mm<br \/>\nDimensiuni interioare: 1295x595x500h mm<br \/>\nCapacitate de depozitare: 368 litri<br \/>\nNumar si tip rafturi: 3 x GN1\/1<br \/>\nGreutate: 194 kg<br \/>\nAmbalat \u00eentreg: 224 kg<br \/>\nDimensiuni cu ambalaj: 143x73x120h cm<\/p>\n","protected":false},"excerpt":{"rendered":"<p>Mas\u0103 frigorific\u0103 cu 3 u\u0219i. Echipat cu 3 rafturi GN1\/1; Clasa de energie electric\u0103 E (2015\/1094\/UE); Clasa climatica: 4; Putere: 280 watt; Alimentare: 230\/1N\/50; Interval de temperatur\u0103: +2 \u00f7 +8 \u00b0\u0421; Tip de agent frigorific: R290; Temperatura\/umiditate maxima: +33 \u00b0C \/ 60% umiditate relativa; Dimensiuni: 1400x700x1020h mm; Dimensiuni interioare: 1295x595x500h mm; Capacitate de depozitare: 368 litri; Numar si tip rafturi: 3 x GN1\/1; Greutate: 194 kg; Ambalat \u00eentreg: 224 kg; Dimensiuni cu ambalaj: 143x73x120h cm.<\/p>\n","protected":false},"featured_media":38424,"template":"","meta":[],"_links":{"self":[{"href":"https:\/\/evotek.md\/ro\/wp-json\/wp\/v2\/product\/38404"}],"collection":[{"href":"https:\/\/evotek.md\/ro\/wp-json\/wp\/v2\/product"}],"about":[{"href":"https:\/\/evotek.md\/ro\/wp-json\/wp\/v2\/types\/product"}],"wp:featuredmedia":[{"embeddable":true,"href":"https:\/\/evotek.md\/ro\/wp-json\/wp\/v2\/media\/38424"}],"wp:attachment":[{"href":"https:\/\/evotek.md\/ro\/wp-json\/wp\/v2\/media?parent=38404"}],"curies":[{"name":"wp","href":"https:\/\/api.w.org\/{rel}","templated":true}]}}