{"id":38384,"date":"2023-09-14T11:29:46","date_gmt":"2023-09-14T11:29:46","guid":{"rendered":"https:\/\/evotek.md\/?post_type=product&#038;p=38384"},"modified":"2023-09-26T10:13:43","modified_gmt":"2023-09-26T10:13:43","slug":"emp-125-60-02","status":"publish","type":"product","link":"https:\/\/evotek.md\/ro\/produse\/echipamente-frigorifice\/masa-frigider\/emp-125-60-02\/","title":{"rendered":"MASA FRIGORIFICA CU BORDUR LA PERETE, 2 USI, 175 LITRI -EMP.125.60.02"},"content":{"rendered":"<p><strong>MASA FRIGORIFICA CU BORDUR LA PERETE, 2 USI, 175 LITRI -EMP.125.60.02-<\/strong> Mas\u0103 frigorific\u0103 cu afi\u0219aj digital cu control al temperaturii \u0219i decongelare. Caracteristici: R\u0103cire cu ventilator; Evaporarea automat\u0103 a apei la dezghe\u021bare; Izola\u021bie din poliuretan &#8220;sigur pentru ozon&#8221;, cu grosimea de 48 mm; U\u0219i cu \u00eenchidere automat\u0103 fixe la un unghi de 45 de grade; Evaporator cu panou de aluminiu \u0219i tub de cupru; Sloturi reglabile din o\u021bel inoxidabil, rafturi din plastic; Corp din o\u021bel inoxidabil.<\/p>\n<p>Caracteristici<br \/>\nDimensiune: 1250x600x850 mm<br \/>\nPutere: 0.59 kW<br \/>\nCapacitate: 175 litri<br \/>\nInterval de func\u021bionare: -18\/-20 \u00baC (tropical 43 \u00baC)<br \/>\nRefrigerant: R-290 \u201eF\u0103r\u0103 CFC\u201d<br \/>\nDensitate: 40 kg\/m\u00b3<br \/>\nAfisaj digital cu control al temperaturii si dezghetarii<br \/>\nEvaporarea automata a apei in timpul dezghetarii<br \/>\nR\u0103cire cu ventilator<br \/>\nIzola\u021bie poliuretanic\u0103 \u201eprietenoas\u0103 cu ozonul\u201d de 48 mm grosime<br \/>\nU\u0219i fixe cu auto\u00eenchidere la 45 de grade<br \/>\nEvaporator cu panou de aluminiu si teava de cupru<br \/>\nFante pentru rafturi reglabile, din o\u021bel inoxidabil, rafturi din plastic<br \/>\nCarcasa din otel inoxidabil<\/p>\n","protected":false},"excerpt":{"rendered":"<p>Mas\u0103 frigorific\u0103 \u00eencorporat\u0103 2 u\u0219i. Dimensiune: 1250x600x850 mm; Putere: 0.59 kW; Capacitate: 175 litri; Interval de func\u021bionare: -18\/-20 \u00baC (tropical 43 \u00baC); Refrigerant: R-290 \u201eF\u0103r\u0103 CFC\u201d; Densitate: 40 kg\/m\u00b3; Afisaj digital cu control al temperaturii si dezghetarii; Evaporarea automata a apei in timpul dezghetarii; R\u0103cire cu ventilator; Izola\u021bie poliuretanic\u0103 \u201eprietenoas\u0103 cu ozonul\u201d de 48 mm grosime; U\u0219i fixe cu auto\u00eenchidere la 45 de grade; Evaporator cu panou de aluminiu si teava de cupru; Fante pentru rafturi reglabile, din o\u021bel inoxidabil, rafturi din plastic; Carcasa din otel inoxidabil.<\/p>\n","protected":false},"featured_media":25452,"template":"","meta":[],"_links":{"self":[{"href":"https:\/\/evotek.md\/ro\/wp-json\/wp\/v2\/product\/38384"}],"collection":[{"href":"https:\/\/evotek.md\/ro\/wp-json\/wp\/v2\/product"}],"about":[{"href":"https:\/\/evotek.md\/ro\/wp-json\/wp\/v2\/types\/product"}],"wp:featuredmedia":[{"embeddable":true,"href":"https:\/\/evotek.md\/ro\/wp-json\/wp\/v2\/media\/25452"}],"wp:attachment":[{"href":"https:\/\/evotek.md\/ro\/wp-json\/wp\/v2\/media?parent=38384"}],"curies":[{"name":"wp","href":"https:\/\/api.w.org\/{rel}","templated":true}]}}