{"id":38378,"date":"2023-09-14T11:11:58","date_gmt":"2023-09-14T11:11:57","guid":{"rendered":"https:\/\/evotek.md\/?post_type=product&#038;p=38378"},"modified":"2023-09-14T11:27:19","modified_gmt":"2023-09-14T11:27:19","slug":"emp-pls-7ts030","status":"publish","type":"product","link":"https:\/\/evotek.md\/ro\/produse\/standuri-pentru-echipamente\/standuri-pentru-echipamente-seria-700-empero\/emp-pls-7ts030\/","title":{"rendered":"STAND CU DULAP CU 3 USI EMP.PLS.7TS030"},"content":{"rendered":"<p><strong>STAND CU DULAP CU 3 USI EMP.PLS.7TS030<\/strong>&#8211; Standul cu dulap se folose\u0219te \u00eempreun\u0103 cu echipamentele Empero seria 700 cu l\u0103\u021bime de 800 mm.<\/p>\n<p>Caracteristici<br \/>\nMaterial: otel inoxidabil<br \/>\nInaltime: 55 cm<br \/>\nLatime: 120 cm<br \/>\nAd\u00e2ncime: 62 cm<br \/>\nGreutate fara ambalaj: 38 kg<\/p>\n","protected":false},"excerpt":{"rendered":"<p>Stand cu dulap cu 2 usi. Material: otel inoxidabil; Inaltime: 55 cm; Latime: 120 cm; Ad\u00e2ncime: 62 cm; Greutate fara ambalaj: 38 kg.<\/p>\n","protected":false},"featured_media":38381,"template":"","meta":[],"_links":{"self":[{"href":"https:\/\/evotek.md\/ro\/wp-json\/wp\/v2\/product\/38378"}],"collection":[{"href":"https:\/\/evotek.md\/ro\/wp-json\/wp\/v2\/product"}],"about":[{"href":"https:\/\/evotek.md\/ro\/wp-json\/wp\/v2\/types\/product"}],"wp:featuredmedia":[{"embeddable":true,"href":"https:\/\/evotek.md\/ro\/wp-json\/wp\/v2\/media\/38381"}],"wp:attachment":[{"href":"https:\/\/evotek.md\/ro\/wp-json\/wp\/v2\/media?parent=38378"}],"curies":[{"name":"wp","href":"https:\/\/api.w.org\/{rel}","templated":true}]}}