{"id":38373,"date":"2023-09-14T10:45:07","date_gmt":"2023-09-14T10:45:07","guid":{"rendered":"https:\/\/evotek.md\/?post_type=product&#038;p=38373"},"modified":"2023-09-14T10:52:03","modified_gmt":"2023-09-14T10:52:03","slug":"masina-de-spalat-vase-frontala-mec-t500-trif-dd-ps","status":"publish","type":"product","link":"https:\/\/evotek.md\/ro\/produse\/utilaje-pentru-spalare-vase\/masina-de-spalat-vase-de-tip-frontal\/masina-de-spalat-vase-frontala-mec-t500-trif-dd-ps\/","title":{"rendered":"MASINA DE SPALAT VASE, FRONTALA -MEC-T500-TRIF-DD-PS"},"content":{"rendered":"<p><strong>MASINA DE SPALAT VASE, FRONTALA -MEC-T500-TRIF-DD-PS<\/strong>&#8211; Masina de spalat vase cu deschidere frontala cu dozator pentru clatitor si detergent, dotata cu pompa pentru scurgere incorporata.<\/p>\n<p>*Pentru a beneficia de garantie, acest echipament trebuie sa fie echipat cu filtru DVA.<\/p>\n<p>Caracteristici<br \/>\nInaltime: 825 mm<br \/>\nAd\u00e2ncime: 600 mm<br \/>\nLatime: 550 mm<br \/>\nTensiune: trifazat 400V<br \/>\nCapacitate: 3,5 l<br \/>\nGreutate: 44 kg<br \/>\nCuloare: Gri<\/p>\n","protected":false},"excerpt":{"rendered":"<p>Ma\u0219in\u0103 de sp\u0103lat vase profesional\u0103 trifazat\u0103 cu pomp\u0103 de scurgere \u00eencorporat\u0103, 3180 W. Inaltime: 825 mm; Ad\u00e2ncime: 600 mm; Latime: 550 mm; Tensiune: trifazat 400V; Capacitate: 3,5 l; Greutate: 44 kg; Culoare: Gri.<\/p>\n<p><strong>*Recomand\u0103m instalarea adi\u021bional\u0103 a unui filtru DVA pentru o bun\u0103 func\u021bionare a ma\u0219inii de sp\u0103lat.<\/strong><\/p>\n<p>&nbsp;<\/p>\n","protected":false},"featured_media":38376,"template":"","meta":[],"_links":{"self":[{"href":"https:\/\/evotek.md\/ro\/wp-json\/wp\/v2\/product\/38373"}],"collection":[{"href":"https:\/\/evotek.md\/ro\/wp-json\/wp\/v2\/product"}],"about":[{"href":"https:\/\/evotek.md\/ro\/wp-json\/wp\/v2\/types\/product"}],"wp:featuredmedia":[{"embeddable":true,"href":"https:\/\/evotek.md\/ro\/wp-json\/wp\/v2\/media\/38376"}],"wp:attachment":[{"href":"https:\/\/evotek.md\/ro\/wp-json\/wp\/v2\/media?parent=38373"}],"curies":[{"name":"wp","href":"https:\/\/api.w.org\/{rel}","templated":true}]}}