{"id":38370,"date":"2023-09-13T10:15:53","date_gmt":"2023-09-13T10:15:53","guid":{"rendered":"https:\/\/evotek.md\/?post_type=product&#038;p=38370"},"modified":"2023-09-13T10:24:50","modified_gmt":"2023-09-13T10:24:50","slug":"70l-250-vt104-700l","status":"publish","type":"product","link":"https:\/\/evotek.md\/ro\/produse\/echipamente-frigorifice\/vitrina-frigorifica-de-perete\/70l-250-vt104-700l\/","title":{"rendered":"VITRINA FRIGORIFICA DE PERETE, VARIANT 70L 2,50 -VT104.700L"},"content":{"rendered":"<p><strong>VITRINA FRIGORIFICA DE PERETE, VARIANT 70L 2,50 -VT104.700L- Vitrina frigorifica de perete (Variant)<\/strong>\u00a0este un utilaj de refrigerare creat pentru o expunere a produselor mai atractiv\u0103 \u0219i eficace, care poate fi folosit pentru expunerea r\u0103coritoarelor, a produselor lactate sau a preparatelor din carne ambalate \u00een supermarketuri. \u00cen varianta standard, raftul este produs cu panouri laterale metalice. Pentru ad\u0103ugarea op\u021bionalelor, v\u0103 recomand\u0103m s\u0103 \u00eei contacta\u021bi pe consilierii no\u0219tri de v\u00e2nz\u0103ri.<\/p>\n<p>Un profil special conceput\u00a0<strong>permite instalarea rulourilor sau a unui sistem de u\u0219i selectat (culisant sau cu batant). <\/strong>Permite schimbarea unit\u0103\u021bii chiar la locul de utilizare f\u0103r\u0103 a modifica structura de baz\u0103 (dup\u0103 furnizarea unui set de piese montate pe profil).<\/p>\n<p>Caracteristici<br \/>\nCapacitate: 700 litri<br \/>\nLungime: 2570 mm<br \/>\n\u00cen\u0103l\u021bime: 1990\u00b110mm<br \/>\nAd\u00e2ncime: 720 mm<br \/>\nCapacitate neta: 1407 dm3<br \/>\nSuprafata expozitie: 6,00 m2<br \/>\nSuprafata totala expozitie TDA: 3,49 m2<br \/>\nInterval de temperatur\u0103 de func\u021bionare a echipamentului: +1 \u00b1 +10 \u00b0C<br \/>\nClasa de temperatura ambientala: 3M1<br \/>\nClasa climatica: 3 (25\u00b0C; 60% RH)<br \/>\nClasa de eficienta energetica: C<br \/>\nAgent frigorific: R290<br \/>\nTensiune nominal\u0103: 230\/50Hz<br \/>\nPutere nominala: 2321W<\/p>\n","protected":false},"excerpt":{"rendered":"<p>Vitrina frigorifica de perete, 700 litri. Capacitate: 700 litri; Lungime: 2570 mm; \u00cen\u0103l\u021bime: 1990\u00b110mm; Ad\u00e2ncime: 720 mm; Capacitate neta: 1407 dm3; Suprafata expozitie: 6,00 m2; Suprafata totala expozitie TDA: 3,49 m2; Interval de temperatur\u0103 de func\u021bionare a echipamentului: +1 \u00b1 +10 \u00b0C; Clasa de temperatura ambientala: 3M1; Clasa climatica: 3 (25\u00b0C; 60% RH); Clasa de eficienta energetica: C; Agent frigorific: R290; Tensiune nominal\u0103: 230\/50Hz; Putere nominala: 2321W; Unitate: intern\u0103.<\/p>\n","protected":false},"featured_media":36527,"template":"","meta":[],"_links":{"self":[{"href":"https:\/\/evotek.md\/ro\/wp-json\/wp\/v2\/product\/38370"}],"collection":[{"href":"https:\/\/evotek.md\/ro\/wp-json\/wp\/v2\/product"}],"about":[{"href":"https:\/\/evotek.md\/ro\/wp-json\/wp\/v2\/types\/product"}],"wp:featuredmedia":[{"embeddable":true,"href":"https:\/\/evotek.md\/ro\/wp-json\/wp\/v2\/media\/36527"}],"wp:attachment":[{"href":"https:\/\/evotek.md\/ro\/wp-json\/wp\/v2\/media?parent=38370"}],"curies":[{"name":"wp","href":"https:\/\/api.w.org\/{rel}","templated":true}]}}