{"id":38366,"date":"2023-09-13T09:44:23","date_gmt":"2023-09-13T09:44:23","guid":{"rendered":"https:\/\/evotek.md\/?post_type=product&#038;p=38366"},"modified":"2023-09-13T10:11:42","modified_gmt":"2023-09-13T10:11:42","slug":"igloo-gc102-3","status":"publish","type":"product","link":"https:\/\/evotek.md\/ro\/produse\/echipamente-frigorifice\/vitrine-frigorifice-pentru-patiserie\/igloo-gc102-3\/","title":{"rendered":"VITRINA FRIGORIFICA PENTRU PATISERIE CUBE 0,9W 2P -IGLOO-GC102.3"},"content":{"rendered":"<p><strong>VITRINA FRIGORIFICA PENTRU PATISERIE CUBE 0,9W 2P -IGLOO-GC102.3-<\/strong> 2 rafturi din sticl\u0103 de expunere pe suport cu \u00een\u0103l\u021bime reglabil\u0103, u\u0219i glisante in spate cu geam termopan.<\/p>\n<p>Caracteristici<br \/>\nLungime: 910 mm<br \/>\n\u00cen\u0103l\u021bime: 1270+\/10 mm<br \/>\nAd\u00e2ncime: 835 mm<br \/>\nCapacitate neta: 480 dmc<br \/>\nSuprafata expozitie: 1,3 m2<br \/>\nInterval de temperatur\u0103 de func\u021bionare a echipamentului: +5 \u00b1 +15 \u00b0C<br \/>\nClasa de eficienta energetica: D<br \/>\nAgent frigorific: R290 R134a \/ R290<br \/>\nTemperatura de evaporare P\u00e2n\u0103 la: -10 \u00b0C<br \/>\nConsum de putere de racire: W\/curent 800 m<br \/>\nTensiune nominal\u0103: 230\/50Hz<br \/>\nPutere nominala: 542 W<br \/>\nConsum de energie electric\u0103: 7,9 kW\/24h<\/p>\n","protected":false},"excerpt":{"rendered":"<p>Vitrina frigorifica pentru patiserie. Lungime: 910 mm; \u00cen\u0103l\u021bime: 1270+\/10 mm; Ad\u00e2ncime: 835 mm; Capacitate neta: 480 dmc; Suprafata expozitie: 1,3 m2<br \/>\nInterval de temperatur\u0103 de func\u021bionare a echipamentului: +5 \u00b1 +15 \u00b0C; Clasa de eficienta energetica: D; Agent frigorific: R290 R134a \/ R290; Temperatura de evaporare P\u00e2n\u0103 la: -10 \u00b0C; Consum de putere de racire: W\/curent 800 m; Tensiune nominal\u0103: 230\/50Hz; Putere nominala: 542 W; Consum de energie electric\u0103: 7,9 kW\/24h.<\/p>\n","protected":false},"featured_media":38368,"template":"","meta":[],"_links":{"self":[{"href":"https:\/\/evotek.md\/ro\/wp-json\/wp\/v2\/product\/38366"}],"collection":[{"href":"https:\/\/evotek.md\/ro\/wp-json\/wp\/v2\/product"}],"about":[{"href":"https:\/\/evotek.md\/ro\/wp-json\/wp\/v2\/types\/product"}],"wp:featuredmedia":[{"embeddable":true,"href":"https:\/\/evotek.md\/ro\/wp-json\/wp\/v2\/media\/38368"}],"wp:attachment":[{"href":"https:\/\/evotek.md\/ro\/wp-json\/wp\/v2\/media?parent=38366"}],"curies":[{"name":"wp","href":"https:\/\/api.w.org\/{rel}","templated":true}]}}