{"id":38348,"date":"2023-09-08T09:14:49","date_gmt":"2023-09-08T09:14:49","guid":{"rendered":"https:\/\/evotek.md\/?post_type=product&#038;p=38348"},"modified":"2023-09-08T10:02:57","modified_gmt":"2023-09-08T10:02:57","slug":"mec-pe-106-svr-lc","status":"publish","type":"product","link":"https:\/\/evotek.md\/ro\/produse\/echipamente-termice\/cuptoare-cu-abur-2-teplovoe-oborudovanie\/mec-pe-106-svr-lc\/","title":{"rendered":"CUPTOR CU ABUR, PANOU DE CONTROL MECANIC, 10 NIVELE -MEC PE 106 SVR.LC"},"content":{"rendered":"<p><strong>CUPTOR CU ABUR, PANOU DE CONTROL MECANIC, 10 NIVELE -MEC PE 106 SVR.LC<\/strong><strong style=\"font-size: 14.4px\">&#8211;<\/strong><span style=\"font-size: 14.4px\">Construc\u021bie din o\u021bel inoxidabil \u0219i camer\u0103 de coacere, garnitur\u0103 profesional\u0103 a u\u0219ii, camer\u0103 rotunjit\u0103 pentru cur\u0103\u021bare u\u0219oar\u0103, u\u0219\u0103 din sticl\u0103 la c\u0103ldur\u0103 sc\u0103zut\u0103, motoare ventilatoare invertor automat, reglare electronica a procentului de abur, usa cu deschidere laterala.<\/span><\/p>\n<p><strong>*Pentru a beneficia de garan\u021bie este obligatoriu de a fi instalat filtru DVA pentru acest echipament.<\/strong><\/p>\n<p>Caracteristici<br \/>\nCapacitate de \u00eenc\u0103rcare: 10 t\u0103vi 600&#215;400- GN 1\/1<br \/>\nDistanta intre tavi: 80 mm<br \/>\nFrecventa: 50\/60 Hz<br \/>\nTensiune: 380-415V3N~\/ 220-240V 3~<br \/>\nPutere: 15,8 Kw<br \/>\nMaterial camera de gatit AISI304<br \/>\nG\u0103tire prin convec\u021bie: 30\u00b0C-280\u00b0C<br \/>\nConvec\u021bie mixt\u0103 de g\u0103tit \u0219i abur: 30\u00b0C-230\u00b0C<br \/>\nAburire: 35\u00b0C-130\u00b0C<br \/>\nG\u0103tire cu aer uscat: 30\u00b0C-280\u00b0C<br \/>\nVentilator inversor bidirec\u021bional cu 1 set\u0103ri de control al vitezei<br \/>\n3 motoare<br \/>\nL\u0103mpi cu halogen<br \/>\nSistem u\u0219or de cur\u0103\u021bare a geamului interior<br \/>\nDimensiuni cuptor: 818x888x1287 mm<br \/>\nGreutate: 128 kg<\/p>\n<p>&nbsp;<\/p>\n","protected":false},"excerpt":{"rendered":"<p>Cuptor electric cu abur cu o capacitate de 10 t\u0103vi GN 1\/1. Capacitate de \u00eenc\u0103rcare: 10 t\u0103vi 600&#215;400- GN 1\/1; Distanta intre tavi: 80 mm; Frecventa: 50\/60 Hz; Tensiune: 380-415V3N~\/ 220-240V 3~; Putere: 15,8 Kw; Material camera de gatit AISI304; G\u0103tire prin convec\u021bie: 30\u00b0C-280\u00b0C; Convec\u021bie mixt\u0103 de g\u0103tit \u0219i abur: 30\u00b0C-230\u00b0C; Aburire: 35\u00b0C-130\u00b0C; G\u0103tire cu aer uscat: 30\u00b0C-280\u00b0C; Ventilator inversor bidirec\u021bional cu 1 set\u0103ri de control al vitezei; 3 motoare; L\u0103mpi cu halogen; Sistem u\u0219or de cur\u0103\u021bare a geamului interior; Dimensiuni cuptor: 818x888x1287 mm; Greutate: 128 kg.<\/p>\n<p><strong>*T\u0103vile GN \u0219i t\u0103vile pentru patiserie nu sunt incluse \u00een set.<\/strong><br \/>\n<strong>*Recomand\u0103m instalarea adi\u021bional\u0103 a unui filtru DVA pentru o bun\u0103 func\u021bionare a cuptorului.<\/strong><\/p>\n","protected":false},"featured_media":38350,"template":"","meta":[],"_links":{"self":[{"href":"https:\/\/evotek.md\/ro\/wp-json\/wp\/v2\/product\/38348"}],"collection":[{"href":"https:\/\/evotek.md\/ro\/wp-json\/wp\/v2\/product"}],"about":[{"href":"https:\/\/evotek.md\/ro\/wp-json\/wp\/v2\/types\/product"}],"wp:featuredmedia":[{"embeddable":true,"href":"https:\/\/evotek.md\/ro\/wp-json\/wp\/v2\/media\/38350"}],"wp:attachment":[{"href":"https:\/\/evotek.md\/ro\/wp-json\/wp\/v2\/media?parent=38348"}],"curies":[{"name":"wp","href":"https:\/\/api.w.org\/{rel}","templated":true}]}}