{"id":38336,"date":"2023-09-08T07:47:20","date_gmt":"2023-09-08T07:47:20","guid":{"rendered":"https:\/\/evotek.md\/?post_type=product&#038;p=38336"},"modified":"2023-09-08T07:54:36","modified_gmt":"2023-09-08T07:54:36","slug":"cuptor-cu-abur-panou-de-control-mecanic-7-nivele-mec-sge-711-svr-1b","status":"publish","type":"product","link":"https:\/\/evotek.md\/ro\/produse\/echipamente-termice\/cuptoare-cu-abur-2-teplovoe-oborudovanie\/cuptor-cu-abur-panou-de-control-mecanic-7-nivele-mec-sge-711-svr-1b\/","title":{"rendered":"CUPTOR CU ABUR, PANOU DE CONTROL MECANIC, 7 NIVELE -MEC SGE 711 SVR.1B"},"content":{"rendered":"<p><strong>CUPTOR CU ABUR, PANOU DE CONTROL MECANIC, 7 NIVELE -MEC SGE 711 SVR.1B<\/strong><strong style=\"font-size: 14.4px\">&#8211;<\/strong><span style=\"font-size: 14.4px\">Construc\u021bie din o\u021bel inoxidabil \u0219i camer\u0103 de coacere, garnitur\u0103 profesional\u0103 a u\u0219ii, camer\u0103 rotunjit\u0103 pentru cur\u0103\u021bare u\u0219oar\u0103, u\u0219\u0103 din sticl\u0103 la c\u0103ldur\u0103 sc\u0103zut\u0103, motoare ventilatoare invertor automat, reglare electronica a procentului de abur, usa cu deschidere laterala.<\/span><\/p>\n<p><strong>*Pentru a beneficia de garan\u021bie este obligatoriu de a fi instalat filtru DVA pentru acest echipament.<\/strong><\/p>\n<p>Caracteristici<br \/>\nNumar de nivele: 7 t\u0103vi GN 1\/1<br \/>\nDistanta intre tavi: 70 mm<br \/>\nFrecventa: 50\/60 Hz<br \/>\nTensiune: 380-415V 3N ~ 220 -240V 3 ~<br \/>\nPutere: 10,6 kW<br \/>\nComenzi manuale<br \/>\nG\u0103tire prin convec\u021bie: 30\u00b0C-280\u00b0C<br \/>\nGatit mixt cu abur si convectie: 30\u00b0C-230\u00b0C<br \/>\nAburire: 35\u00b0C-130\u00b0C<br \/>\nG\u0103tire cu aer uscat: 30\u00b0C-280\u00b0C<br \/>\nProgramator oprire g\u0103tit 0-120\u2019<br \/>\nVentilator inversor bi.directional<br \/>\n2 motoare cu invertor<br \/>\nSet\u0103ri de control al vitezei: 1<br \/>\nLumini integrate in usa: halogen<br \/>\nSistem u\u0219or de cur\u0103\u021bare a geamului interior<br \/>\nU\u0219\u0103 de deschidere: m\u00e2ner dreapta<br \/>\nDimensiuni cuptor: 937x 885x 875 mm<br \/>\nGreutate: 98 kg<br \/>\nDimensiuni interioare: 660 x490 x 612m<\/p>\n<p>&nbsp;<\/p>\n","protected":false},"excerpt":{"rendered":"<p>Cuptor electric cu abur cu o capacitate de 7 t\u0103vi GN 1\/1. Dimensiuni cuptor: 937x 885x 875 mm; Greutate: 98 kg;Dimensiuni interioare: 660 x490 x 612 mm;\u00a0 Distanta intre tavi: 70 mm; Frecventa: 50\/60 Hz; Tensiune: 380-415V 3N ~ 220 -240V 3 ~; Putere: 10,6 kW.<\/p>\n<p><strong>*T\u0103vile GN \u0219i t\u0103vile pentru patiserie nu sunt incluse \u00een set.<\/strong><br \/>\n<strong>*Recomand\u0103m instalarea adi\u021bional\u0103 a unui filtru DVA pentru o bun\u0103 func\u021bionare a cuptorului.<\/strong><\/p>\n","protected":false},"featured_media":38339,"template":"","meta":[],"_links":{"self":[{"href":"https:\/\/evotek.md\/ro\/wp-json\/wp\/v2\/product\/38336"}],"collection":[{"href":"https:\/\/evotek.md\/ro\/wp-json\/wp\/v2\/product"}],"about":[{"href":"https:\/\/evotek.md\/ro\/wp-json\/wp\/v2\/types\/product"}],"wp:featuredmedia":[{"embeddable":true,"href":"https:\/\/evotek.md\/ro\/wp-json\/wp\/v2\/media\/38339"}],"wp:attachment":[{"href":"https:\/\/evotek.md\/ro\/wp-json\/wp\/v2\/media?parent=38336"}],"curies":[{"name":"wp","href":"https:\/\/api.w.org\/{rel}","templated":true}]}}