{"id":38332,"date":"2023-09-08T07:34:56","date_gmt":"2023-09-08T07:34:56","guid":{"rendered":"https:\/\/evotek.md\/?post_type=product&#038;p=38332"},"modified":"2023-09-08T07:45:31","modified_gmt":"2023-09-08T07:45:31","slug":"pe-66-dsvr-lc","status":"publish","type":"product","link":"https:\/\/evotek.md\/ro\/produse\/echipamente-termice\/cuptoare-cu-abur-2-teplovoe-oborudovanie\/pe-66-dsvr-lc\/","title":{"rendered":"CUPTOR CU ABUR, PANOU DE CONTROL DIGITAL, 6 NIVELE -MEC PE 66 DSVR.LC"},"content":{"rendered":"<p><strong>CUPTOR CU ABUR, PANOU DE CONTROL DIGITAL, 7 NIVELE -MEC PE 66 DSVR.LC- \u00a0<\/strong>Este destinat pentru g\u0103tirea diverselor feluri de m\u00e2ncare prin prelucrarea cu aburi \u0219i cu aer cald, la \u00eentreprinderile de alimenta\u021bie public\u0103 \u0219i comer\u021b. Modelul este echipat cu motoare cu un invertor automat al ventilatorului \u0219i o u\u0219\u0103 cu geam cu emisie redus\u0103, sigiliu \u0219i lateral. Carcasa \u0219i detaliile echipamentului sunt realizate din inox.<\/p>\n<p><strong>*Pentru a beneficia de garan\u021bie este obligatoriu de a fi instalat filtru DVA pentru acest echipament.<\/strong><\/p>\n<p>Caracteristici<br \/>\nNumar de nivele: 6 t\u0103vi 600&#215;400- GN 1\/1<br \/>\nDistanta intre tavi: 80 mm.<br \/>\nFrecventa: 50\/60Hz<br \/>\nTensiune: 380-415 V, 3 N~\/220-240 V, 3~.<br \/>\nPutere: 10,5 kW<br \/>\nControl digital<br \/>\nMaterial camera de gatit AISI304.<br \/>\nG\u0103tire prin convec\u021bie: 30\u00b0C-260\u00b0C.<br \/>\nG\u0103tire mixt\u0103 cu convec\u021bie \u0219i abur: 30\u2013230 \u00b0C.<br \/>\nAburire: 35\u2013130\u00b0C.<br \/>\nG\u0103tire cu aer uscat: 30\u2013280 \u00b0C.<br \/>\nPosibilitate de memorare a retetelor cu nume si imagine.<br \/>\nG\u0103tirea Delta T folosind o sond\u0103 alimentar\u0103 \u0219i conectarea extern\u0103 a uneia doua sonde alimentare<br \/>\ng\u0103tit sub vid<br \/>\nG\u0103tit multi-timer (posibilitatea de a g\u0103ti simultan diferite feluri de m\u00e2ncare)<br \/>\nExaminare<br \/>\nProgram automat de cur\u0103\u021bare nocturn\u0103.<br \/>\nCarte de retete cu 100 de programe si 4 cicluri de gatit pentru fiecare program.<br \/>\nVentilator reversibil bidirec\u021bional cu 5 set\u0103ri de vitez\u0103.<br \/>\nTimp f\u0103r\u0103 sf\u00e2r\u0219it<br \/>\nLumini cu halogen<br \/>\nSistem simplu de curatare a sticlei interioare.<br \/>\nControl digital al injec\u021biei de ap\u0103<br \/>\nDimensiuni cuptor: 818x888x951 mm.<br \/>\nGreutate: 98 kg.<\/p>\n","protected":false},"excerpt":{"rendered":"<p>Cuptor cu abur, cu 6 nivele <span style=\"font-size: 14.4px\">GN 1\/1<\/span><span style=\"font-size: 14.4px\">. Distanta intre tavi: 80 mm; Frecventa: 50\/60Hz; Tensiune: 380-415 V, 3 N~\/220-240 V, 3~; Putere: 10,5 kW; Control digital; Material camera de gatit AISI304; G\u0103tire prin convec\u021bie: 30\u00b0C-260\u00b0C; G\u0103tire mixt\u0103 cu convec\u021bie \u0219i abur: 30\u2013230 \u00b0C; Aburire: 35\u2013130\u00b0C. Dimensiuni cuptor: 818x888x951 mm; Greutate: 98 kg.<\/span><\/p>\n<p><strong>*T\u0103vile GN \u0219i t\u0103vile pentru patiserie nu sunt incluse \u00een set.<\/strong><br \/>\n<strong>*Recomand\u0103m instalarea adi\u021bional\u0103 a unui filtru DVA pentru o bun\u0103 func\u021bionare a cuptorului.<\/strong><\/p>\n","protected":false},"featured_media":38334,"template":"","meta":[],"_links":{"self":[{"href":"https:\/\/evotek.md\/ro\/wp-json\/wp\/v2\/product\/38332"}],"collection":[{"href":"https:\/\/evotek.md\/ro\/wp-json\/wp\/v2\/product"}],"about":[{"href":"https:\/\/evotek.md\/ro\/wp-json\/wp\/v2\/types\/product"}],"wp:featuredmedia":[{"embeddable":true,"href":"https:\/\/evotek.md\/ro\/wp-json\/wp\/v2\/media\/38334"}],"wp:attachment":[{"href":"https:\/\/evotek.md\/ro\/wp-json\/wp\/v2\/media?parent=38332"}],"curies":[{"name":"wp","href":"https:\/\/api.w.org\/{rel}","templated":true}]}}