{"id":38286,"date":"2023-09-06T10:58:51","date_gmt":"2023-09-06T10:58:50","guid":{"rendered":"https:\/\/evotek.md\/?post_type=product&#038;p=38286"},"modified":"2023-09-06T11:23:40","modified_gmt":"2023-09-06T11:23:40","slug":"cuptor-cu-abur-electric-12-nivele-mec-ge-1211-svr-1b-copiaza","status":"publish","type":"product","link":"https:\/\/evotek.md\/ro\/produse\/echipamente-termice\/cuptoare-cu-abur-2-teplovoe-oborudovanie\/cuptor-cu-abur-electric-12-nivele-mec-ge-1211-svr-1b-copiaza\/","title":{"rendered":"CUPTOR CU ABUR, PANOU DE CONTROL MECANIC, 12 NIVELE -MEC SGE 1211 SVR.1B"},"content":{"rendered":"<p><strong>CUPTOR CU ABUR, PANOU DE CONTROL MECANIC, 12 NIVELE -MEC SGE 1211 SVR.1B-<\/strong>Construc\u021bie din o\u021bel inoxidabil \u0219i camer\u0103 de coacere, garnitur\u0103 profesional\u0103 a u\u0219ii, camer\u0103 rotunjit\u0103 pentru cur\u0103\u021bare u\u0219oar\u0103, u\u0219\u0103 din sticl\u0103 la c\u0103ldur\u0103 sc\u0103zut\u0103, motoare ventilatoare invertor automat, reglare electronica a procentului de abur, usa cu deschidere laterala.<\/p>\n<p><strong>*Pentru a beneficia de garan\u021bie este obligatoriu de a fi instalat filtru DVA pentru acest echipament.<\/strong><\/p>\n<p>Caracteristici<br \/>\nNumar nivele: 12 tavi GN 1\/1<br \/>\nDistan\u021ba dintre nivele: 70 mm<br \/>\nFrecventa: 50\/60Hz<br \/>\nTensiune: 400V 3N ~ 230V<br \/>\nPutere: 15,8 kW<br \/>\nControl manual<br \/>\nG\u0103tire prin convec\u021bie: 30-280\u00b0C<br \/>\nG\u0103tit la abur \u0219i ventilat: 30-230\u00b0C<br \/>\nAburire: 35\u2013130\u00b0C<br \/>\nG\u0103tire cu aer uscat: 30\u2013280 \u00b0C<br \/>\nProgramator de oprire a g\u0103tirii 0\u2013120 min.<br \/>\nVentilator reversibil bidirectional<br \/>\n3 motoare cu invertor<br \/>\nSet\u0103ri de control al vitezei: 1<br \/>\nTimp f\u0103r\u0103 sf\u00e2r\u0219it<br \/>\nFaruri \u00eencorporate \u00een u\u0219\u0103: cu halogen.<br \/>\nSistem simplu de curatare a sticlei interioare.<br \/>\nDeschiderea u\u0219ii: m\u00e2ner dreapta<br \/>\nDimensiuni cuptor: 937x890x1211 mm<br \/>\nGreutate: 153 kg<br \/>\nDimensiuni camera: 660x490x948 mm<\/p>\n<p>&nbsp;<\/p>\n","protected":false},"excerpt":{"rendered":"<p>Cuptor electric cu abur cu o capacitate de 12 t\u0103vi. Dimensiuni cuptor: 937x890x1211 mm; Greutate: 153 kg; Dimensiuni camera: 660x490x948 mm; Numar nivele: 12 tavi GN 1\/1; Distan\u021ba dintre nivele: 70 mm; Frecventa: 50\/60Hz; Tensiune: 400V 3N ~ 230V; Putere: 15,8 kW; Control manual; G\u0103tire prin convec\u021bie: 30-280\u00b0C; G\u0103tit la abur \u0219i ventilat: 30-230\u00b0C; Aburire: 35\u2013130\u00b0C; G\u0103tire cu aer uscat: 30\u2013280 \u00b0C.<\/p>\n<p><strong>*T\u0103vile GN \u0219i t\u0103vile pentru patiserie nu sunt incluse \u00een set.<\/strong><br \/>\n<strong>*Recomand\u0103m instalarea adi\u021bional\u0103 a unui filtru DVA pentru o bun\u0103 func\u021bionare a cuptorului.<\/strong><\/p>\n","protected":false},"featured_media":2935,"template":"","meta":[],"_links":{"self":[{"href":"https:\/\/evotek.md\/ro\/wp-json\/wp\/v2\/product\/38286"}],"collection":[{"href":"https:\/\/evotek.md\/ro\/wp-json\/wp\/v2\/product"}],"about":[{"href":"https:\/\/evotek.md\/ro\/wp-json\/wp\/v2\/types\/product"}],"wp:featuredmedia":[{"embeddable":true,"href":"https:\/\/evotek.md\/ro\/wp-json\/wp\/v2\/media\/2935"}],"wp:attachment":[{"href":"https:\/\/evotek.md\/ro\/wp-json\/wp\/v2\/media?parent=38286"}],"curies":[{"name":"wp","href":"https:\/\/api.w.org\/{rel}","templated":true}]}}