{"id":38269,"date":"2023-09-05T13:30:55","date_gmt":"2023-09-05T13:32:21","guid":{"rendered":"https:\/\/evotek.md\/?post_type=product&#038;p=38269"},"modified":"2023-09-05T14:00:27","modified_gmt":"2023-09-05T14:00:27","slug":"macpan-mba-2c","status":"publish","type":"product","link":"https:\/\/evotek.md\/ro\/produse\/fara-categorie\/macpan-mba-2c\/","title":{"rendered":"MASINA PENTRU FORMAREA BAGHETELOR, CU 2 ROLE -MACPAN-MBA \/2C"},"content":{"rendered":"<p><strong>MASINA PENTRU FORMAREA BAGHETELOR, CU 2 ROLE -MACPAN-MBA \/2C-<\/strong> Aparatul este proiectat conform regulilor tradi\u021bionale pentru a face baghete excelente \u0219i orice fel de p\u00e2ini. Aluatul este mai \u00eent\u00e2i rulat \u0219i apoi \u00eenf\u0103\u0219urat, rulat \u0219i tras prin dou\u0103 curele cu sens invers de rota\u021bie.<\/p>\n<p>Ma\u0219ina de turnat aluat MAC.PAN MBA\/2C este utilizat\u0103 \u00een industria alimentar\u0103 \u0219i \u00eentreprinderile de alimenta\u021bie public\u0103, \u00een brut\u0103rii \u0219i cofet\u0103rii pentru a forma buc\u0103\u021bi de aluat pentru p\u00e2ini lungi, baghete, saek, covrigi \u0219i alte tipuri de produse de panifica\u021bie. Modelul este echipat cu func\u021bia de \u00eenlocuire rapid\u0103 a benzii f\u0103r\u0103 a demonta ma\u0219ina. Grosimea \u0219i lungimea buc\u0103\u021bilor de aluat se stabilesc prin 2 p\u00e2rghii de reglare. Corpul este din o\u021bel vopsit, rolele sunt din polietilen\u0103 alimentar\u0103.<\/p>\n<p>Caracteristici<br \/>\nInstalare: pe podea<br \/>\nProductivitate: 1500 buc\u0103\u021bi\/or\u0103<br \/>\nGreutate bagheta: de la 50 la 2000 g<br \/>\nLungime bagheta: 700 mm<br \/>\nDimensiuni role: 700&#215;63,5 mm<br \/>\nPutere: 0,55 kW<br \/>\nLatime: 1050 mm<br \/>\nAd\u00e2ncime: 981 mm<br \/>\nInaltime: 1484 mm<br \/>\nGreutate (fara ambalaj): 216 kg<br \/>\nTara de origine: Italia<\/p>\n","protected":false},"excerpt":{"rendered":"<p>Ma\u0219in\u0103 pentru formarea baghetelor. Instalare: pe podea; Productivitate: 1500 buc\u0103\u021bi\/or\u0103; Greutate bagheta: de la 50 la 2000 g; Lungime bagheta: 700 mm; Dimensiuni role: 700&#215;63,5 mm; Putere: 0,55 kW; Latime: 1050 mm; Ad\u00e2ncime: 981 mm; Inaltime: 1484 mm; Greutate (fara ambalaj): 216 kg; Tara de origine: Italia.<\/p>\n","protected":false},"featured_media":38266,"template":"","meta":[],"_links":{"self":[{"href":"https:\/\/evotek.md\/ro\/wp-json\/wp\/v2\/product\/38269"}],"collection":[{"href":"https:\/\/evotek.md\/ro\/wp-json\/wp\/v2\/product"}],"about":[{"href":"https:\/\/evotek.md\/ro\/wp-json\/wp\/v2\/types\/product"}],"wp:featuredmedia":[{"embeddable":true,"href":"https:\/\/evotek.md\/ro\/wp-json\/wp\/v2\/media\/38266"}],"wp:attachment":[{"href":"https:\/\/evotek.md\/ro\/wp-json\/wp\/v2\/media?parent=38269"}],"curies":[{"name":"wp","href":"https:\/\/api.w.org\/{rel}","templated":true}]}}