{"id":3822,"date":"2020-03-04T15:00:44","date_gmt":"2020-03-04T15:00:44","guid":{"rendered":"https:\/\/evotek.md\/?post_type=product&#038;p=3822"},"modified":"2020-03-04T15:00:44","modified_gmt":"2020-03-04T15:00:44","slug":"carucior-pentru-gn-hkn-ktt-13-1","status":"publish","type":"product","link":"https:\/\/evotek.md\/ro\/produse\/mobila-din-inox\/carucioare-pentru-transportare-si-depozitare\/carucior-pentru-gn-hkn-ktt-13-1\/","title":{"rendered":"C\u0102RUCIOR PENTRU GN -HKN KTT-13\/1"},"content":{"rendered":"<p><strong>C\u0102RUCIOR PENTRU GN &#8211;<\/strong><strong>HKN KTT-13\/1<\/strong><strong>&#8211; <\/strong>folosit \u00een restaurante, cantine \u0219i alte unit\u0103\u021bi de alimenta\u021bie public\u0103, patiserii, mini-brut\u0103rii. De folose\u0219te pentru transportarea \u0219i depozitarea recipientelor gastronomice \u0219i al tavelor.<\/p>\n<p>Caracteristici<\/p>\n<p>Brand Hurakan<\/p>\n<p>Dimensiuni: 800\u0445500\u0445930<\/p>\n<p>Carcasa din inox sudat AISI 304, 1<\/p>\n<p>\u00cenchis\u0103 din 3 laturi<\/p>\n<p>Greutate net\u0103: 16,78 kg<\/p>\n<p>&nbsp;<\/p>\n","protected":false},"excerpt":{"rendered":"<p>C\u0103rucior pentru GN. Dimensiuni: 800\u0445500\u0445930; Carcasa din inox sudat AISI 304, 1; \u00cenchis\u0103 din 3 laturi; Greutate net\u0103: 16,78 kg.<\/p>\n","protected":false},"featured_media":3821,"template":"","meta":[],"_links":{"self":[{"href":"https:\/\/evotek.md\/ro\/wp-json\/wp\/v2\/product\/3822"}],"collection":[{"href":"https:\/\/evotek.md\/ro\/wp-json\/wp\/v2\/product"}],"about":[{"href":"https:\/\/evotek.md\/ro\/wp-json\/wp\/v2\/types\/product"}],"wp:featuredmedia":[{"embeddable":true,"href":"https:\/\/evotek.md\/ro\/wp-json\/wp\/v2\/media\/3821"}],"wp:attachment":[{"href":"https:\/\/evotek.md\/ro\/wp-json\/wp\/v2\/media?parent=3822"}],"curies":[{"name":"wp","href":"https:\/\/api.w.org\/{rel}","templated":true}]}}