{"id":38213,"date":"2023-08-21T14:34:42","date_gmt":"2023-08-21T14:34:42","guid":{"rendered":"https:\/\/evotek.md\/?post_type=product&#038;p=38213"},"modified":"2023-08-21T14:43:51","modified_gmt":"2023-08-21T14:43:51","slug":"hkn-xlt193m","status":"publish","type":"product","link":"https:\/\/evotek.md\/ro\/produse\/echipamente-termice\/dospitor\/hkn-xlt193m\/","title":{"rendered":"DOSPITOR 13 NIVELE, MANUAL -HKN-XLT193M"},"content":{"rendered":"<p><strong>DOSPITOR 13 NIVELE, MANUAL -HKN-XLT193M-<\/strong> este un echipament profesional care creeaza conditii confortabile pentru fermentarea unei bucati de aluat de drojdie inainte de coacere. Levarea v\u0103 permite s\u0103 reduce\u021bi densitatea aluatului \u0219i s\u0103 cre\u0219te\u021bi volumul acestuia.<\/p>\n<p>Caracetristici<br \/>\nMaterial carcasa: otel inoxidabil<br \/>\nRegim de temperatur\u0103: 30-110 \u0421\u00b0<br \/>\nControl fluid al temperaturii<br \/>\n\u00cenc\u0103lzire umed\u0103 \u0219i uscat\u0103<br \/>\n\u00cen\u0103l\u021bime \u00eentre \u0219ine: 9,4 cm<br \/>\n13 nivele<br \/>\nUmiditate: 80-95%<br \/>\nDimensiuni: 500x700x1560 mm<br \/>\nPutere: 2,6 kW<br \/>\nTensiune: 220V<br \/>\nGreutate: 42 kg<\/p>\n","protected":false},"excerpt":{"rendered":"<p>Dospitor cu 13 nivele (mecanic). Material carcasa: otel inoxidabil; Regim de temperatur\u0103: 30-110 \u0421\u00b0; Control fluid al temperaturii; \u00cenc\u0103lzire umed\u0103 \u0219i uscat\u0103; \u00cen\u0103l\u021bime \u00eentre \u0219ine: 9,4 cm; Umiditate: 80-95%; Dimensiuni: 500x700x1560 mm; Putere: 2,6 kW; Tensiune: 220V; Greutate: 42 kg.<\/p>\n","protected":false},"featured_media":38216,"template":"","meta":[],"_links":{"self":[{"href":"https:\/\/evotek.md\/ro\/wp-json\/wp\/v2\/product\/38213"}],"collection":[{"href":"https:\/\/evotek.md\/ro\/wp-json\/wp\/v2\/product"}],"about":[{"href":"https:\/\/evotek.md\/ro\/wp-json\/wp\/v2\/types\/product"}],"wp:featuredmedia":[{"embeddable":true,"href":"https:\/\/evotek.md\/ro\/wp-json\/wp\/v2\/media\/38216"}],"wp:attachment":[{"href":"https:\/\/evotek.md\/ro\/wp-json\/wp\/v2\/media?parent=38213"}],"curies":[{"name":"wp","href":"https:\/\/api.w.org\/{rel}","templated":true}]}}