{"id":38208,"date":"2023-08-21T14:19:20","date_gmt":"2023-08-21T14:19:20","guid":{"rendered":"https:\/\/evotek.md\/?post_type=product&#038;p=38208"},"modified":"2023-08-21T14:31:55","modified_gmt":"2023-08-21T14:31:55","slug":"ape8ad","status":"publish","type":"product","link":"https:\/\/evotek.md\/ro\/produse\/echipamente-termice\/dospitor\/ape8ad\/","title":{"rendered":"DOSPITOR 8 NIVELE, MANUAL GN1\/1 -APACH APE8AD"},"content":{"rendered":"<p><strong>DOSPITOR 8 NIVELE, MANUAL GN1\/1 -APACH APE8AD<\/strong> se foloseste la unit\u0103\u021bile de alimenta\u021bie \u0219i comer\u021b pentru dovada buc\u0103\u021bilor de aluat, timp \u00een care aluatul cre\u0219te \u00een volum \u0219i cap\u0103t\u0103 o suprafa\u021b\u0103 neted\u0103, i se restabile\u0219te porozitatea. Modelul este echipat cu un panou de control mecanic \u0219i \u0219ine reglabile. Corpul este din o\u021bel inoxidabil, u\u0219ile sunt din sticl\u0103.<\/p>\n<p>Recipientele Gastronorm \u0219i foile de copt nu sunt incluse \u00een pachetul de livrare \u0219i trebuie achizi\u021bionate separat.<\/p>\n<p>Caracteristici<br \/>\nNumar de nivele: 8<br \/>\nFormat recipiente tava de copt: 600&#215;400 mm, recipient gastronorm GN1\/1<br \/>\nDistan\u021ba dintre nivele: 75 mm<br \/>\nInterval de temperatur\u0103: 0 p\u00e2n\u0103 la 60 \u00b0\u0421<br \/>\nParametri: (Lu,\u00cen,L\u0103) 800x678x866 mm<br \/>\nGreutate neta: 36 kg<br \/>\nTensiune: 220V<br \/>\nPutere: 2,4 kW<\/p>\n","protected":false},"excerpt":{"rendered":"<p>Dospitor cu 8 nivele (digital). Format recipiente tava de copt: 600&#215;400 mm, recipient gastronorm GN1\/1; Distan\u021ba dintre nivele: 75 mm; Interval de temperatur\u0103: 0 p\u00e2n\u0103 la 60 \u00b0\u0421; Parametri: (Lu,\u00cen,L\u0103) 800x678x866 mm; Greutate neta: 36 kg; Tensiune: 220V; Putere: 2,4 kW.<\/p>\n","protected":false},"featured_media":38211,"template":"","meta":[],"_links":{"self":[{"href":"https:\/\/evotek.md\/ro\/wp-json\/wp\/v2\/product\/38208"}],"collection":[{"href":"https:\/\/evotek.md\/ro\/wp-json\/wp\/v2\/product"}],"about":[{"href":"https:\/\/evotek.md\/ro\/wp-json\/wp\/v2\/types\/product"}],"wp:featuredmedia":[{"embeddable":true,"href":"https:\/\/evotek.md\/ro\/wp-json\/wp\/v2\/media\/38211"}],"wp:attachment":[{"href":"https:\/\/evotek.md\/ro\/wp-json\/wp\/v2\/media?parent=38208"}],"curies":[{"name":"wp","href":"https:\/\/api.w.org\/{rel}","templated":true}]}}