{"id":38204,"date":"2023-08-21T14:02:09","date_gmt":"2023-08-21T14:02:09","guid":{"rendered":"https:\/\/evotek.md\/?post_type=product&#038;p=38204"},"modified":"2023-08-21T14:16:31","modified_gmt":"2023-08-21T14:16:31","slug":"apach-ape12abq-d","status":"publish","type":"product","link":"https:\/\/evotek.md\/ro\/produse\/echipamente-termice\/dospitor\/apach-ape12abq-d\/","title":{"rendered":"DOSPITOR 12 NIVELE, DIGITAL GN1\/1 -APACH APE12ABQ D"},"content":{"rendered":"<p><strong>DOSPITOR 12 NIVELE, DIGITAL GN1\/1 -APACH APE12ABQ D-<\/strong> Dospitor Apach APE12ABQ D se foloseste in unitatile de catering si comert pentru dovada bucatilor de aluat, timp in care aluatul creste in volum si capata o suprafata neteda, i se reface porozitatea. Modelul este echipat cu \u0219ine reglabile. Corpul este din o\u021bel inoxidabil, u\u0219ile sunt din sticl\u0103. Modelul vine cu o supap\u0103 de alimentare cu ap\u0103 \u0219i un panou de control digital. Umplerea automat\u0103 cu ap\u0103 (este necesar\u0103 conectarea la ap\u0103, umplerea se realizeaz\u0103 automat). Panoul de control este complet separat de camer\u0103 pentru a proteja componentele electrice de umiditate<br \/>\nRecipient mare de ap\u0103.<\/p>\n<p>Caracteristici<br \/>\nNumar de nivele: 12<br \/>\nFormat recipiente tava de copt: 600&#215;400 mm, recipient gastronorm GN1\/1<br \/>\nDistan\u021ba dintre nivele: 75 mm<br \/>\nInterval de temperatur\u0103: 0 p\u00e2n\u0103 la 60 \u00b0\u0421<br \/>\nParametri: (Lu,\u00cen,L\u0103) 935x893x706 mm<br \/>\nGreutate neta: 50 kg<br \/>\nTensiune: 220V<br \/>\nPutere: 2,4 kW<\/p>\n","protected":false},"excerpt":{"rendered":"<p>Dospitor cu 12 nivele (digital). Format recipiente tava de copt: 600&#215;400 mm, recipient gastronorm GN1\/1; Distan\u021ba dintre nivele: 75 mm; Interval de temperatur\u0103: 0 p\u00e2n\u0103 la 60 \u00b0\u0421; Parametri: (Lu,\u00cen,L\u0103) 935x893x706 mm; Greutate neta: 50 kg; Tensiune: 220V; Putere: 2,4 kW.<\/p>\n","protected":false},"featured_media":38206,"template":"","meta":[],"_links":{"self":[{"href":"https:\/\/evotek.md\/ro\/wp-json\/wp\/v2\/product\/38204"}],"collection":[{"href":"https:\/\/evotek.md\/ro\/wp-json\/wp\/v2\/product"}],"about":[{"href":"https:\/\/evotek.md\/ro\/wp-json\/wp\/v2\/types\/product"}],"wp:featuredmedia":[{"embeddable":true,"href":"https:\/\/evotek.md\/ro\/wp-json\/wp\/v2\/media\/38206"}],"wp:attachment":[{"href":"https:\/\/evotek.md\/ro\/wp-json\/wp\/v2\/media?parent=38204"}],"curies":[{"name":"wp","href":"https:\/\/api.w.org\/{rel}","templated":true}]}}