{"id":38199,"date":"2023-08-21T13:44:54","date_gmt":"2023-08-21T13:44:54","guid":{"rendered":"https:\/\/evotek.md\/?post_type=product&#038;p=38199"},"modified":"2023-08-21T13:52:57","modified_gmt":"2023-08-21T13:52:57","slug":"krpc-950mw","status":"publish","type":"product","link":"https:\/\/evotek.md\/ro\/produse\/echipamente-frigorifice\/vitrine-frigorifice-pentru-patiserie\/krpc-950mw\/","title":{"rendered":"VITRINA FRIGORIFICA PENTRU PATISERIE (DE LUX, PATRAT, GRI MAT) KAYMAN KRPC-950MW"},"content":{"rendered":"<p><strong>VITRINA FRIGORIFICA PENTRU PATISERIE (DE LUX, PATRAT, GRI MAT) KAYMAN KRPC-950MW<\/strong><\/p>\n<p>Caracteristici<br \/>\nInterval de temperatur\u0103 +5\u2026+12 \u00b0C<br \/>\nR\u0103cire dinamic\u0103<br \/>\nAgent frigorific R290<br \/>\nVolumul util: 0,55 mc<br \/>\nSuprafata vitrina frigorifica: 1,62 m2<br \/>\nUnitate de r\u0103cire \u00eencorporat\u0103<br \/>\n5 rafturi metalice<br \/>\nCuloarea carcasei: GRI MAT<br \/>\nParametri (\u00cen,Lu,L\u0103): 2012x950x870 mm<br \/>\nPutere: 0,48 kW<br \/>\nGreutate neta: 140 kg<\/p>\n","protected":false},"excerpt":{"rendered":"<p>Vitrin\u0103 frigorific\u0103 pentru patiserie. Interval de temperatur\u0103 +5\u2026+12 \u00b0C; R\u0103cire dinamic\u0103; Agent frigorific R290; Volumul util: 0,55 mc; Suprafata vitrina frigorifica: 1,62 m2; Unitate de r\u0103cire \u00eencorporat\u0103; 5 rafturi metalice; Culoarea carcasei: gri mat; Parametri (\u00cen,Lu,L\u0103): 2012x950x870 mm; Putere: 0,48 kW; Greutate neta: 140 kg.<\/p>\n","protected":false},"featured_media":38201,"template":"","meta":[],"_links":{"self":[{"href":"https:\/\/evotek.md\/ro\/wp-json\/wp\/v2\/product\/38199"}],"collection":[{"href":"https:\/\/evotek.md\/ro\/wp-json\/wp\/v2\/product"}],"about":[{"href":"https:\/\/evotek.md\/ro\/wp-json\/wp\/v2\/types\/product"}],"wp:featuredmedia":[{"embeddable":true,"href":"https:\/\/evotek.md\/ro\/wp-json\/wp\/v2\/media\/38201"}],"wp:attachment":[{"href":"https:\/\/evotek.md\/ro\/wp-json\/wp\/v2\/media?parent=38199"}],"curies":[{"name":"wp","href":"https:\/\/api.w.org\/{rel}","templated":true}]}}