{"id":38183,"date":"2023-08-21T10:55:41","date_gmt":"2023-08-21T10:55:41","guid":{"rendered":"https:\/\/evotek.md\/?post_type=product&#038;p=38183"},"modified":"2023-08-21T11:19:57","modified_gmt":"2023-08-21T11:19:57","slug":"st-801506","status":"publish","type":"product","link":"https:\/\/evotek.md\/ro\/produse\/utilaje-pentru-spalare-vase\/masina-de-spalat-vase-de-tip-frontal\/st-801506\/","title":{"rendered":"MASINA DE SPALAT VASE, FRONTALA -ST-801506"},"content":{"rendered":"<p><strong>MASINA DE SPALAT VASE, FRONTALA -ST-801506<\/strong> -Masina de spalat vase profesionala din inox cu functie de oparire, control electromecanic. Ma\u0219in\u0103 de sp\u0103lat vase potrivit\u0103 pentru sp\u0103larea farfurii, paharelor, t\u0103vilor \u0219i recipientelor GN 1\/. Dozator de detergent intern si agent de cl\u0103tire standard. Co\u0219 pentru vase, co\u0219 pentru pahare, co\u0219 pentru tac\u00e2muri \u0219i pahare.<\/p>\n<p><strong>*Pentru a beneficia de garantie este obligatoriu instalarea unui filtru DVA pentru acest echipament.<\/strong><\/p>\n<p>Caracteristici<br \/>\nTimp de ciclu: 120 sau 180 sec.<br \/>\nControlul temperaturii de func\u021bionare a cazanului \u0219i a camerei<br \/>\n2 perechi de bra\u021be de sp\u0103lare \u0219i cl\u0103tire (superioare\/inferioare)<br \/>\nConsum de apa: 2,5 l\/ciclu<br \/>\nMax. inaltimea vaselor de spalat: 320 mm<br \/>\nCo\u0219uri: 500&#215;500 mm<br \/>\nMaterial: otel inoxidabil<br \/>\nPutere electrica: 4,9\/3,4 kW<br \/>\nTensiune: 400\/230V<br \/>\nDimensiuni: La565xAd665x\u00cen835 mm<br \/>\nTimp de lucru: 120\/180 sec.<\/p>\n","protected":false},"excerpt":{"rendered":"<p>Ma\u0219in\u0103 de sp\u0103lat vase. Timp de ciclu: 120 sau 180 sec. Controlul temperaturii de func\u021bionare a cazanului \u0219i a camerei; 2 perechi de bra\u021be de sp\u0103lare \u0219i cl\u0103tire (superioare\/inferioare); Consum de apa: 2,5 l\/ciclu; Max. inaltimea vaselor de spalat: 320 mm; Co\u0219uri: 500&#215;500 mm; Material: otel inoxidabil; Putere electrica: 4,9\/3,4 kW; Tensiune: 400\/230V; Dimensiuni: La565xAd665x\u00cen835 mm; Timp de lucru: 120\/180 sec.<\/p>\n<p><strong>*Recomand\u0103m instalarea adi\u021bional\u0103 a unui filtru DVA pentru o bun\u0103 func\u021bionare a ma\u0219inii de sp\u0103lat.<\/strong><\/p>\n<p>&nbsp;<\/p>\n","protected":false},"featured_media":38185,"template":"","meta":[],"_links":{"self":[{"href":"https:\/\/evotek.md\/ro\/wp-json\/wp\/v2\/product\/38183"}],"collection":[{"href":"https:\/\/evotek.md\/ro\/wp-json\/wp\/v2\/product"}],"about":[{"href":"https:\/\/evotek.md\/ro\/wp-json\/wp\/v2\/types\/product"}],"wp:featuredmedia":[{"embeddable":true,"href":"https:\/\/evotek.md\/ro\/wp-json\/wp\/v2\/media\/38185"}],"wp:attachment":[{"href":"https:\/\/evotek.md\/ro\/wp-json\/wp\/v2\/media?parent=38183"}],"curies":[{"name":"wp","href":"https:\/\/api.w.org\/{rel}","templated":true}]}}