{"id":38176,"date":"2023-08-21T07:32:47","date_gmt":"2023-08-21T07:32:46","guid":{"rendered":"https:\/\/evotek.md\/?post_type=product&#038;p=38176"},"modified":"2023-08-21T07:39:50","modified_gmt":"2023-08-21T07:39:50","slug":"emp-10-p","status":"publish","type":"product","link":"https:\/\/evotek.md\/ro\/produse\/echipamente-electromecanice\/masina-de-tocat-carne\/emp-10-p\/","title":{"rendered":"MASINA DE TOCAT CARNE (380 V) -EMP.10.P"},"content":{"rendered":"<p><strong>MASINA DE TOCAT CARNE (380 V) -EMP.10.P<\/strong>&#8211; se folose\u0219te \u00een unit\u0103\u021bile de alimenta\u021bie public\u0103 \u0219i comer\u021b pentru tocarea c\u0103rnii \u0219i a pe\u0219telui la producerea c\u0103rnii tocate, precum \u0219i la tocarea repetat\u0103 a masei de cotlet \u0219i la umplut c\u00e2rna\u021bi.<\/p>\n<p>Caracteristici<br \/>\nDimensiuni: 770x320x405 mm<br \/>\nTensiune: 380V<br \/>\nPutere motor: 1.5KW 1400RPM &#8211; 220V<br \/>\nProductivitate: 400 kg\/h<br \/>\nRoat\u0103 de m\u00e2n\u0103 \u0219i spiral\u0103 din o\u021bel inoxidabil<br \/>\nVolant u\u0219or demontat \u0219i cur\u0103\u021bare u\u0219oar\u0103<br \/>\nProtec\u021bia m\u00e2inilor asigur\u0103 munca \u00een siguran\u021b\u0103<br \/>\nCorp din o\u021bel inoxidabil<br \/>\nGreutate: 51 kg<\/p>\n","protected":false},"excerpt":{"rendered":"<p>Ma\u0219in\u0103 de tocat carne cu o capacitate de 400 kg \/ h. Dimensiuni: 770x320x405 mm; Tensiune: 380V; Putere motor: 1.5KW 1400RPM &#8211; 220V; Roat\u0103 de m\u00e2n\u0103 \u0219i spiral\u0103 din o\u021bel inoxidabil; Volant u\u0219or demontat \u0219i cur\u0103\u021bare u\u0219oar\u0103; Protec\u021bia m\u00e2inilor asigur\u0103 munca \u00een siguran\u021b\u0103; Corp din o\u021bel inoxidabil; Greutate: 51 kg.<\/p>\n","protected":false},"featured_media":38179,"template":"","meta":[],"_links":{"self":[{"href":"https:\/\/evotek.md\/ro\/wp-json\/wp\/v2\/product\/38176"}],"collection":[{"href":"https:\/\/evotek.md\/ro\/wp-json\/wp\/v2\/product"}],"about":[{"href":"https:\/\/evotek.md\/ro\/wp-json\/wp\/v2\/types\/product"}],"wp:featuredmedia":[{"embeddable":true,"href":"https:\/\/evotek.md\/ro\/wp-json\/wp\/v2\/media\/38179"}],"wp:attachment":[{"href":"https:\/\/evotek.md\/ro\/wp-json\/wp\/v2\/media?parent=38176"}],"curies":[{"name":"wp","href":"https:\/\/api.w.org\/{rel}","templated":true}]}}