{"id":38173,"date":"2023-08-21T07:19:02","date_gmt":"2023-08-21T07:19:02","guid":{"rendered":"https:\/\/evotek.md\/?post_type=product&#038;p=38173"},"modified":"2023-08-21T07:22:49","modified_gmt":"2023-08-21T07:22:49","slug":"emp-dke-002","status":"publish","type":"product","link":"https:\/\/evotek.md\/ro\/produse\/fara-categorie\/emp-dke-002\/","title":{"rendered":"CHUVETA DIN INOX, PENTRU MAINI -EMP.DKE.002"},"content":{"rendered":"<p><strong>CHUVETA DIN INOX, PENTRU MAINI -EMP.DKE.002<\/strong><\/p>\n<p>Caracteristici<br \/>\nDimensiuni: 400x400x220 mm<br \/>\nGreutate: 6 kg<br \/>\nNet: 0,04 mc<br \/>\nDebit de ap\u0103 de 15 secunde disponibil la fiecare opera\u021biune<br \/>\nPoate fi montat pe perete<br \/>\nCorp din o\u021bel inoxidabil<\/p>\n","protected":false},"excerpt":{"rendered":"<p>Chiuvet\u0103 din inox, pentru sp\u0103larea m\u00e2inilor. Dimensiuni: 400x400x220 mm; Greutate: 6 kg; Net: 0,04 mc; Debit de ap\u0103 de 15 secunde disponibil la fiecare opera\u021biune; Poate fi montat pe perete; Corp din o\u021bel inoxidabil.<\/p>\n","protected":false},"featured_media":38095,"template":"","meta":[],"_links":{"self":[{"href":"https:\/\/evotek.md\/ro\/wp-json\/wp\/v2\/product\/38173"}],"collection":[{"href":"https:\/\/evotek.md\/ro\/wp-json\/wp\/v2\/product"}],"about":[{"href":"https:\/\/evotek.md\/ro\/wp-json\/wp\/v2\/types\/product"}],"wp:featuredmedia":[{"embeddable":true,"href":"https:\/\/evotek.md\/ro\/wp-json\/wp\/v2\/media\/38095"}],"wp:attachment":[{"href":"https:\/\/evotek.md\/ro\/wp-json\/wp\/v2\/media?parent=38173"}],"curies":[{"name":"wp","href":"https:\/\/api.w.org\/{rel}","templated":true}]}}