{"id":38164,"date":"2023-07-27T13:29:31","date_gmt":"2023-07-27T13:29:31","guid":{"rendered":"https:\/\/evotek.md\/?post_type=product&#038;p=38164"},"modified":"2023-07-27T13:35:33","modified_gmt":"2023-07-27T13:35:33","slug":"cuptor-cu-abur-control-digital-10-nivele-mec-spe-106-dsvr-1b","status":"publish","type":"product","link":"https:\/\/evotek.md\/ro\/produse\/echipamente-termice\/cuptoare-cu-abur-2-teplovoe-oborudovanie\/cuptor-cu-abur-control-digital-10-nivele-mec-spe-106-dsvr-1b\/","title":{"rendered":"CUPTOR CU ABUR, CONTROL DIGITAL, 10 NIVELE -MEC SPE 106 DSVR.1B"},"content":{"rendered":"<p><strong>CUPTOR CU ABUR, CONTROL DIGITAL, 10 NIVELE -MEC SPE 106 DSVR.1B-<\/strong> Cuptorul cu abur combinat MEC este conceput pentru a gati diverse feluri de mancare prin tratament cu aer cald si cu abur, in unitatile de catering si comert. Modelul este echipat cu motoare cu un invertor automat si o usa cu deschidere laterala cu sticla de economisire a energiei. Carcasa \u0219i camera de lucru ale cuptorului cu abur sunt realizate din o\u021bel inoxidabil.<\/p>\n<p><strong>*Pentru a beneficia de garantie este obligatoriu instalarea unui filtru DVA pentru acest echipament.<\/strong><\/p>\n<p>Caracteristici<br \/>\nControl digital<br \/>\n99 de programe de g\u0103tit cu 4 pa\u0219i de g\u0103tit per program<br \/>\nFaza de pre\u00eenc\u0103lzire<br \/>\nReglarea motorului ventilatorului cu 2 viteze<br \/>\nIluminare cu LED<br \/>\nTemporizator de la 0 la 120 min<br \/>\nCarcasa si camera de lucru din otel inoxidabil<br \/>\nCamer\u0103 de lucru cu margini rotunjite pentru o cur\u0103\u021bare u\u0219oar\u0103<br \/>\nU\u0219\u0103 din sticl\u0103 cu deschidere lateral\u0103, acoperit\u0103 cu economie de energie, etan\u0219are<br \/>\n3 motoare cu invertor ventilator automat<br \/>\nInjector direct de abur, control electronic al procentajului de abur<br \/>\nIluminare interioar\u0103 cu halogen<br \/>\nTip echipament: electric<br \/>\nTip recipiente: recipiente gastronorm GN 1\/1, tavi 400\u00d7600 mm<br \/>\nControl: digital<br \/>\nTip de instalare: de masa<br \/>\nNumar de nivele: 10<br \/>\nDistan\u021ba dintre nivele: 80 mm<br \/>\nTemperatura maxim\u0103 \u00een interiorul camerei: 260 \u00b0C<br \/>\nLatime: 937 mm<br \/>\nAd\u00e2ncime: 827 mm<br \/>\nInaltime: 1211 mm<br \/>\nGreutate neta: 151 kg<br \/>\nConsum de energie: 15,7 kW<br \/>\nSistem de alimentare: 220\/1N\/50, 400\/3N\/50V\/F\/Hz<\/p>\n<p>&nbsp;<\/p>\n","protected":false},"excerpt":{"rendered":"<p>Cuptor cu abur cu 10 nivele. Tip recipiente: recipiente gastronorm GN 1\/1, tavi 400\u00d7600 mm; Control: digital; Tip de instalare: de masa; Numar de nivele: 10; Distan\u021ba dintre nivele: 80 mm; Temperatura maxim\u0103 \u00een interiorul camerei: 260 \u00b0C; Latime: 937 mm; Ad\u00e2ncime: 827 mm; Inaltime: 1211 mm; Greutate neta: 151 kg; Consum de energie: 15,7 kW; Sistem de alimentare: 220\/1N\/50, 400\/3N\/50V\/F\/Hz.<\/p>\n<p><strong>*T\u0103vile GN nu sunt incluse \u00een set.<\/strong><br \/>\n<strong>*Recomand\u0103m instalarea adi\u021bional\u0103 a unui filtru DVA pentru o bun\u0103 func\u021bionare a cuptorului.<\/strong><\/p>\n","protected":false},"featured_media":38167,"template":"","meta":[],"_links":{"self":[{"href":"https:\/\/evotek.md\/ro\/wp-json\/wp\/v2\/product\/38164"}],"collection":[{"href":"https:\/\/evotek.md\/ro\/wp-json\/wp\/v2\/product"}],"about":[{"href":"https:\/\/evotek.md\/ro\/wp-json\/wp\/v2\/types\/product"}],"wp:featuredmedia":[{"embeddable":true,"href":"https:\/\/evotek.md\/ro\/wp-json\/wp\/v2\/media\/38167"}],"wp:attachment":[{"href":"https:\/\/evotek.md\/ro\/wp-json\/wp\/v2\/media?parent=38164"}],"curies":[{"name":"wp","href":"https:\/\/api.w.org\/{rel}","templated":true}]}}