{"id":38138,"date":"2023-07-26T12:58:28","date_gmt":"2023-07-26T12:58:28","guid":{"rendered":"https:\/\/evotek.md\/?post_type=product&#038;p=38138"},"modified":"2025-02-25T14:02:30","modified_gmt":"2025-02-25T14:02:30","slug":"m-09374240","status":"publish","type":"product","link":"https:\/\/evotek.md\/ro\/produse\/echipamente-pentru-fast-food\/aparat-pentru-hot-dog\/m-09374240\/","title":{"rendered":"APARAT PENTRU CORN DOG, 6 BUCATI (3 CORN DOG SI 3 HOT DOG) -M-09374240"},"content":{"rendered":"<p><strong>APARAT PENTRU CORN DOG, 6 BUCATI (3 CORN DOG SI 3 HOT DOG) -M-09374240- <\/strong>Un corn-dog este unic doar atunci c\u00e2nd aluatul este preparat \u0219i \u00een propria buc\u0103t\u0103rie. Cu acest aparat pute\u021bi preg\u0103ti rapid \u0219i u\u0219or \u0219ase corn dog-uri deliciosi. Datorit\u0103 ad\u00e2nciturii din tav\u0103, \u00een interiorul fiec\u0103rui corn-dog poate fi plasat un b\u0103\u021b, pentru comoditate. Acest aparat de \u00eenalt\u0103 calitate este potrivit pentru utilizare zilnic\u0103 intensiv\u0103 \u00een patiserii vintage, cafenele \u0219i restaurante. Tava din aluminiu are un strat antiaderent, astfel \u00eenc\u00e2t produsele s\u0103 nu se lipeasc\u0103 \u00eentre ele.<\/p>\n<p>Caracteristici<br \/>\nPentru 3 corn dog si 3 hot dog<br \/>\nDimensiuni corn-dog: L135xA40x\u00ce40 mm<br \/>\nDimensiuni hot-dog: L140xA40x\u00ce30 mm<br \/>\nDimensiuni aparat: L380xA310x\u00ce270 mm<br \/>\nPutere electrica totala: 1,75 kW<br \/>\nConexiune: 230 V \/ 50 Hz \/ 1 faza 1750 W<br \/>\nGreutate neta: 11 kg<\/p>\n","protected":false},"excerpt":{"rendered":"<p>Aparatul pentru corn-dog ce permite coacerea a 6 buc\u0103\u021bi simultan. Dimensiuni corn-dog: L135xA40x\u00ce40 mm; Dimensiuni hot-dog: L140xA40x\u00ce30 mm; Dimensiuni aparat: L380xA310x\u00ce270 mm; Putere electrica totala: 1,75 kW; Conexiune: 230 V \/ 50 Hz \/ 1 faza 1750 W; Greutate neta: 11 kg.<\/p>\n","protected":false},"featured_media":38141,"template":"","meta":[],"_links":{"self":[{"href":"https:\/\/evotek.md\/ro\/wp-json\/wp\/v2\/product\/38138"}],"collection":[{"href":"https:\/\/evotek.md\/ro\/wp-json\/wp\/v2\/product"}],"about":[{"href":"https:\/\/evotek.md\/ro\/wp-json\/wp\/v2\/types\/product"}],"wp:featuredmedia":[{"embeddable":true,"href":"https:\/\/evotek.md\/ro\/wp-json\/wp\/v2\/media\/38141"}],"wp:attachment":[{"href":"https:\/\/evotek.md\/ro\/wp-json\/wp\/v2\/media?parent=38138"}],"curies":[{"name":"wp","href":"https:\/\/api.w.org\/{rel}","templated":true}]}}