{"id":38112,"date":"2023-07-17T12:16:39","date_gmt":"2023-07-17T12:16:39","guid":{"rendered":"https:\/\/evotek.md\/?post_type=product&#038;p=38112"},"modified":"2023-07-17T13:07:07","modified_gmt":"2023-07-17T13:07:07","slug":"m-09374210","status":"publish","type":"product","link":"https:\/\/evotek.md\/ro\/produse\/echipamente-pentru-fast-food\/aparate-pentru-vafe\/m-09374210\/","title":{"rendered":"APARAT ELECTRIC PENTRU VAFE, 1 BUCATA -M-09374210"},"content":{"rendered":"<div><strong>APARAT ELECTRIC PENTRU VAFE, 1 BUCATA -M-09374210-<\/strong> Cu acest aparat rotativ de vafe pute\u021bi face vafe delicioase de tip fagure. Func\u021bia de rota\u021bie coace vafele uniform p\u00e2n\u0103 devin maro auriu pe ambele p\u0103r\u021bi. \u00cenveli\u0219ul antiaderent al t\u0103vilor \u00eempiedic\u0103 lipirea wafelor.<\/div>\n<div>\n<p>Caracteristici<br \/>\nGreutate neta: 6 kg<br \/>\nDimensiune plachet\u0103: L180xD200xH24 mm<br \/>\nDimensiuni aparat: L225xP315xH270 mm<br \/>\nPutere electric\u0103 total\u0103: 1415 kW, 230 V \/ 50 Hz \/ 1 faz\u0103 1415 W<br \/>\nGreutate neta: 6 kg<br \/>\nDimensiune suprafata: L180xD200xH24 mm<br \/>\nFiabil \u0219i u\u0219or de operat<br \/>\nProducerea rapid\u0103 de vafe bubble<br \/>\nTava de copt din aluminiu cu acoperire antiaderenta<br \/>\nTermostat variabil: 50\u00b0C p\u00e2n\u0103 la 300\u00b0C<br \/>\nEchipat cu cronometru<br \/>\nIndicator de temperatur\u0103<br \/>\nM\u00e2ner durabil<br \/>\nSt\u0103 pe 4 picioare de cauciuc<br \/>\nConstruc\u021bie foarte durabil\u0103<br \/>\nDesign igienic<\/p>\n<\/div>\n","protected":false},"excerpt":{"rendered":"<p>Aparat electric pentru vafe bubble, 1 bucata. Greutate neta: 6 kg; Dimensiune plachet\u0103: L180xD200xH24 mm; Dimensiuni aparat: L225xP315xH270 mm; Putere electric\u0103 total\u0103: 1415 kW, 230 V \/ 50 Hz \/ 1 faz\u0103 1415 W; Greutate neta: 6 kg; Dimensiune suprafata: L180xD200xH24 mm; Fiabil \u0219i u\u0219or de operat; Producerea rapid\u0103 de vafe bubble; Tava de copt din aluminiu cu acoperire antiaderenta; Termostat variabil: 50\u00b0C p\u00e2n\u0103 la 300\u00b0C; Echipat cu cronometru; Indicator de temperatur\u0103; M\u00e2ner durabil; St\u0103 pe 4 picioare de cauciuc; Construc\u021bie foarte durabil\u0103; Design igienic.<\/p>\n","protected":false},"featured_media":38116,"template":"","meta":[],"_links":{"self":[{"href":"https:\/\/evotek.md\/ro\/wp-json\/wp\/v2\/product\/38112"}],"collection":[{"href":"https:\/\/evotek.md\/ro\/wp-json\/wp\/v2\/product"}],"about":[{"href":"https:\/\/evotek.md\/ro\/wp-json\/wp\/v2\/types\/product"}],"wp:featuredmedia":[{"embeddable":true,"href":"https:\/\/evotek.md\/ro\/wp-json\/wp\/v2\/media\/38116"}],"wp:attachment":[{"href":"https:\/\/evotek.md\/ro\/wp-json\/wp\/v2\/media?parent=38112"}],"curies":[{"name":"wp","href":"https:\/\/api.w.org\/{rel}","templated":true}]}}