{"id":38108,"date":"2023-07-14T13:44:26","date_gmt":"2023-07-14T13:49:58","guid":{"rendered":"https:\/\/evotek.md\/?post_type=product&#038;p=38108"},"modified":"2023-07-14T13:54:01","modified_gmt":"2023-07-14T13:54:01","slug":"cutter-13-litri-hkn-cl13m","status":"publish","type":"product","link":"https:\/\/evotek.md\/ro\/produse\/echipamente-electromecanice\/cutter-profesional\/cutter-13-litri-hkn-cl13m\/","title":{"rendered":"CUTTER 13 LITRI -HKN-CL13M-"},"content":{"rendered":"<p><strong>CUTTER 13 LITRI -HKN-CL13M-<\/strong> este conceput pentru m\u0103cinarea \u0219i amestecarea diferitelor produse \u00een unit\u0103\u021bile de catering \u0219i comer\u021b. Dispunerea lateral\u0103 a vasului v\u0103 permite s\u0103 evita\u021bi \u00eenc\u0103lzirea produsului de la un motor \u00een func\u021biune.<\/p>\n<p>Caracteristici<br \/>\nTensiune: 220 V, 1400 rpm<br \/>\nPutere: 2,2 kW<br \/>\nDimensiuni totale: 420x415x820 mm<br \/>\nGreutate: 55 kg<br \/>\nViteza de rotatie: 1400 rpm<br \/>\nVolum bol: 13 l<br \/>\nCu\u021bit cu 4 lame<br \/>\nMaterial corp \u0219i recipient: o\u021bel inoxidabil<br \/>\nControlul vitezei<br \/>\nTrapa de umplere pentru ingrediente<br \/>\ncapac transparent<\/p>\n","protected":false},"excerpt":{"rendered":"<p>Cutter 13 litri. Tensiune: 220 V, 1400 rpm; Putere: 2,2 kW; Dimensiuni totale: 420x415x820 mm; Greutate: 55 kg; Viteza de rotatie: 1400 rpm; Cu\u021bit cu 4 lame; Material corp \u0219i recipient: o\u021bel inoxidabil; Controlul vitezei; Trapa de umplere pentru ingrediente; Capac transparent.<\/p>\n","protected":false},"featured_media":38107,"template":"","meta":[],"_links":{"self":[{"href":"https:\/\/evotek.md\/ro\/wp-json\/wp\/v2\/product\/38108"}],"collection":[{"href":"https:\/\/evotek.md\/ro\/wp-json\/wp\/v2\/product"}],"about":[{"href":"https:\/\/evotek.md\/ro\/wp-json\/wp\/v2\/types\/product"}],"wp:featuredmedia":[{"embeddable":true,"href":"https:\/\/evotek.md\/ro\/wp-json\/wp\/v2\/media\/38107"}],"wp:attachment":[{"href":"https:\/\/evotek.md\/ro\/wp-json\/wp\/v2\/media?parent=38108"}],"curies":[{"name":"wp","href":"https:\/\/api.w.org\/{rel}","templated":true}]}}