{"id":38096,"date":"2023-07-14T12:47:33","date_gmt":"2023-07-14T12:51:13","guid":{"rendered":"https:\/\/evotek.md\/?post_type=product&#038;p=38096"},"modified":"2023-07-14T12:55:55","modified_gmt":"2023-07-14T12:55:55","slug":"emp-dke-001","status":"publish","type":"product","link":"https:\/\/evotek.md\/ro\/produse\/fara-categorie\/emp-dke-001\/","title":{"rendered":"CHUVETA DIN INOX, PENTRU MAINI -EMP.DKE.001"},"content":{"rendered":"<p><strong>CHUVETA DIN INOX, PENTRU MAINI -EMP.DKE.001<\/strong><\/p>\n<p>Caracteristici<br \/>\nDimensiuni: 505x450x220 mm<br \/>\nGreutate: 7 kg<br \/>\nNet: 0,05 mc<br \/>\nDebit de ap\u0103 de 15 secunde disponibil la fiecare opera\u021biune<br \/>\nVarianta de perete<br \/>\nCorp din o\u021bel inoxidabil<\/p>\n","protected":false},"excerpt":{"rendered":"<p>Chiuvet\u0103 din inox, pentru sp\u0103larea m\u00e2inilor. Dimensiuni: 505x450x220 mm; Greutate: 7 kg; Net: 0,05 mc; Debit de ap\u0103 de 15 secunde disponibil la fiecare opera\u021biune; Varianta de perete; Corp din o\u021bel inoxidabil.<\/p>\n","protected":false},"featured_media":38095,"template":"","meta":[],"_links":{"self":[{"href":"https:\/\/evotek.md\/ro\/wp-json\/wp\/v2\/product\/38096"}],"collection":[{"href":"https:\/\/evotek.md\/ro\/wp-json\/wp\/v2\/product"}],"about":[{"href":"https:\/\/evotek.md\/ro\/wp-json\/wp\/v2\/types\/product"}],"wp:featuredmedia":[{"embeddable":true,"href":"https:\/\/evotek.md\/ro\/wp-json\/wp\/v2\/media\/38095"}],"wp:attachment":[{"href":"https:\/\/evotek.md\/ro\/wp-json\/wp\/v2\/media?parent=38096"}],"curies":[{"name":"wp","href":"https:\/\/api.w.org\/{rel}","templated":true}]}}