{"id":38086,"date":"2023-07-14T11:23:07","date_gmt":"2023-07-14T11:23:07","guid":{"rendered":"https:\/\/evotek.md\/?post_type=product&#038;p=38086"},"modified":"2023-07-14T12:04:47","modified_gmt":"2023-07-14T12:04:47","slug":"95-kg-24h-itv-iq90c","status":"publish","type":"product","link":"https:\/\/evotek.md\/ro\/produse\/echipamente-frigorifice\/masina-de-produs-gheata\/95-kg-24h-itv-iq90c\/","title":{"rendered":"MASINA DE PRODUS GHEATA GRANULATA, 95 kg\/24h -ITV-IQ90C"},"content":{"rendered":"<p><strong>MASINA DE PRODUS GHEATA GRANULATA, 95 kg\/24h -ITV-IQ90C-<\/strong> Conceput pentru a produce gheata in cele mai nefavorabile conditii de calitate a apei si in cele mai putin potrivite locatii. Sistemul cu palete face ca electronicele \u0219i filtrele de ap\u0103 s\u0103 nu fie necesare. Produce un cub semigol ale c\u0103rui forme caracteristice sunt echilibrate pentru a ob\u021bine un echilibru productiv.<\/p>\n<p>Acest model de aparatele de gheata sunt tropicale, a\u0219a c\u0103 pot func\u021biona \u00een \u021b\u0103ri cu temperaturi medii foarte ridicate. \u0218i datorit\u0103 absen\u021bei termostatelor, seria QUASAR func\u021bioneaz\u0103 \u0219i la temperaturi foarte sc\u0103zute. Designul de fabrica\u021bie este simplu, fiabil \u0219i nu con\u021bine electronice.<\/p>\n<p>\u00centregul corp este realizat din o\u021bel inoxidabil AISI 304 u\u0219or demontabil, cu o u\u0219\u0103 cu balamale \u00een interior. \u00cen ambele versiuni (r\u0103cire cu aer \u0219i ap\u0103).<\/p>\n<p>(*) Condi\u021biile de func\u021bionare a ma\u0219inii se bazeaz\u0103 pe niveluri de duritate a apei de la 15 \u00b0F la 40 \u00b0F. In cazul apei in afara acestor parametri, si mai ales in cazul apei dure cu un continut mare de var, se impune utilizarea de filtre sau sisteme de dedurizare.<\/p>\n<p>Caracteristici<br \/>\nDimensiuni: 465x595x784 mm<br \/>\nProductie in 24 de ore: 95 kg<br \/>\nCapacitate rezervor: 20 kg<br \/>\nConexiune: 470 W<br \/>\nGreutate neta: 58 kg<br \/>\nProduc\u021bie la temperatura incaperii: 20 \u00baC<\/p>\n","protected":false},"excerpt":{"rendered":"<p>Ma\u0219in\u0103 de produs ghea\u021b\u0103 cu <span style=\"font-size: 14.4px\">productivitatea de 95 kg \u00een 24 de ore.Dimensiuni: 465x595x784 mm; Productie in 24 de ore: 95 kg; Capacitate rezervor: 20 kg; Conexiune: 470 W; Greutate neta: 58 kg; Produc\u021bie la temperatura incaperii: 20 \u00baC.<\/span><\/p>\n","protected":false},"featured_media":38089,"template":"","meta":[],"_links":{"self":[{"href":"https:\/\/evotek.md\/ro\/wp-json\/wp\/v2\/product\/38086"}],"collection":[{"href":"https:\/\/evotek.md\/ro\/wp-json\/wp\/v2\/product"}],"about":[{"href":"https:\/\/evotek.md\/ro\/wp-json\/wp\/v2\/types\/product"}],"wp:featuredmedia":[{"embeddable":true,"href":"https:\/\/evotek.md\/ro\/wp-json\/wp\/v2\/media\/38089"}],"wp:attachment":[{"href":"https:\/\/evotek.md\/ro\/wp-json\/wp\/v2\/media?parent=38086"}],"curies":[{"name":"wp","href":"https:\/\/api.w.org\/{rel}","templated":true}]}}