{"id":38084,"date":"2023-07-14T10:29:55","date_gmt":"2023-07-14T10:29:56","guid":{"rendered":"https:\/\/evotek.md\/?post_type=product&#038;p=38084"},"modified":"2023-07-14T11:41:14","modified_gmt":"2023-07-14T11:41:14","slug":"100-kg-zi-mcg100","status":"publish","type":"product","link":"https:\/\/evotek.md\/ro\/produse\/echipamente-frigorifice\/masina-de-produs-gheata\/100-kg-zi-mcg100\/","title":{"rendered":"MASINA DE PRODUS GHEATA GRANULATA 100 kg\/zi -MCG100"},"content":{"rendered":"<div><strong>MASINA DE PRODUS GHEATA GRANULATA 100 kg\/zi -MCG100-<\/strong> Cub de ghea\u021b\u0103 complet de \u00eenalt\u0103 densitate, limpede \u0219i curat. Potrivit pentru r\u0103cirea pe termen lung a oric\u0103rei b\u0103uturi f\u0103r\u0103 a o dilua cu ap\u0103, pentru orice aplicare.<\/div>\n<div>EVAPORATOR ORIZONTAL, SISTEM DE PULVERIZARE: Evaporatorul orizontal este format din cupe conice de cupru orientate \u00een jos.<\/div>\n<div>Pompa ridic\u0103 apa sub presiune, care este pulverizat\u0103 pe evaporatoare cu ajutorul duzelor.<\/div>\n<div>Cuburile de ghea\u021b\u0103 se formeaz\u0103 \u00een interiorul fiec\u0103rei ce\u0219ti \u0219i, datorit\u0103 gazului fierbinte, cad \u00een rezervor.<\/div>\n<div>SUBBANDA: Ma\u0219ini mici \u201euniversale\u201d pentru toate scopurile, de la casnic la comercial. Toate modelele sunt disponibile pentru \u201eutilizare tropical\u0103\u201d: pot produce ghea\u021b\u0103 chiar \u0219i la o temperatur\u0103 ridicat\u0103 a camerei de 43\u00b0C \u0219i o temperatur\u0103 a apei de 35\u00b0C.<\/div>\n<div>\n<p>Caracteristici<br \/>\nSistem de racire: A\/B<br \/>\nDimensiuni: 500x670x696 mm<br \/>\nProductie in 24 de ore: 100 kg<br \/>\nCapacitate rezervor: 15 kg<br \/>\nTensiune: 230V &#8211; 50Hz<br \/>\nConexiune: 700W<br \/>\nVolum: 0,38 mc<br \/>\nGreutate neta: 58 kg<\/p>\n<\/div>\n","protected":false},"excerpt":{"rendered":"<p>Ma\u0219in\u0103 de produs ghea\u021b\u0103 granulata cu <span style=\"font-size: 14.4px\">productivitatea de 100 kg \u00een 24 de ore. Sistem de racire: A\/B; Dimensiuni: 500x670x696 mm; Productie in 24 de ore: 100 kg; Capacitate rezervor: 15 kg; Tensiune: 230V &#8211; 50Hz; Conexiune: 700W; Volum: 0,38 mc; Greutate neta: 58 kg.<\/span><\/p>\n","protected":false},"featured_media":36513,"template":"","meta":[],"_links":{"self":[{"href":"https:\/\/evotek.md\/ro\/wp-json\/wp\/v2\/product\/38084"}],"collection":[{"href":"https:\/\/evotek.md\/ro\/wp-json\/wp\/v2\/product"}],"about":[{"href":"https:\/\/evotek.md\/ro\/wp-json\/wp\/v2\/types\/product"}],"wp:featuredmedia":[{"embeddable":true,"href":"https:\/\/evotek.md\/ro\/wp-json\/wp\/v2\/media\/36513"}],"wp:attachment":[{"href":"https:\/\/evotek.md\/ro\/wp-json\/wp\/v2\/media?parent=38084"}],"curies":[{"name":"wp","href":"https:\/\/api.w.org\/{rel}","templated":true}]}}