{"id":3807,"date":"2020-03-04T14:07:06","date_gmt":"2020-03-04T14:07:06","guid":{"rendered":"https:\/\/evotek.md\/?post_type=product&#038;p=3807"},"modified":"2020-03-04T14:07:07","modified_gmt":"2020-03-04T14:07:07","slug":"vitrina-frigorifica-de-masa-pentru-sushi-hkn-krdt-15","status":"publish","type":"product","link":"https:\/\/evotek.md\/ro\/produse\/echipamente-frigorifice\/vitrine-pentru-sushi-sushi-case\/vitrina-frigorifica-de-masa-pentru-sushi-hkn-krdt-15\/","title":{"rendered":"VITRIN\u0102 FRIGORIFIC\u0102 DE MAS\u0102 PENTRU SUSHI -HKN KRDT-1,5"},"content":{"rendered":"<p><strong>VITRIN\u0102 FRIGORIFIC\u0102 DE MAS\u0102 PENTRU SUSHI &#8211;<\/strong><strong>HKN KRDT-1,5<\/strong>&#8211; Este destinat r\u0103cirii, depozit\u0103rii pe termen scurt \u0219i a demonstra\u021biei de sushi \u00een cafenele, restaurante \u0219i baruri. Modelul este echipat cu o unitate de refrigerare. Echipamentul func\u021bioneaz\u0103 cu agent frigorific R134a. Suprafa\u021ba de expunere este din inox.<\/p>\n<p>Caracteristici<\/p>\n<p>Brand Hurakan<\/p>\n<p>Parametri: 260x1440x370 mm<\/p>\n<p>Capacitate: 8 recipiente gastronomice<\/p>\n<p>GN 1\/3 ad\u00e2ncime 40 mm<\/p>\n<p>Suprafa\u021b\u0103 de expunere: 0,427 m2 + raft<\/p>\n<p>Putere: 0,2 kW<\/p>\n<p>Greutate net\u0103: 37 kg<\/p>\n<p>&nbsp;<\/p>\n","protected":false},"excerpt":{"rendered":"<p>Vitrin\u0103 frigorific\u0103 de mas\u0103 pentru sushi. Parametri: 260x1440x370 mm; Capacitate: 8 recipiente gastronomice; GN 1\/3 ad\u00e2ncime 40 mm; Suprafa\u021b\u0103 de expunere: 0,427 m2 + raft; Putere: 0,2 kW; Greutate net\u0103: 37 kg.<\/p>\n","protected":false},"featured_media":3806,"template":"","meta":[],"_links":{"self":[{"href":"https:\/\/evotek.md\/ro\/wp-json\/wp\/v2\/product\/3807"}],"collection":[{"href":"https:\/\/evotek.md\/ro\/wp-json\/wp\/v2\/product"}],"about":[{"href":"https:\/\/evotek.md\/ro\/wp-json\/wp\/v2\/types\/product"}],"wp:featuredmedia":[{"embeddable":true,"href":"https:\/\/evotek.md\/ro\/wp-json\/wp\/v2\/media\/3806"}],"wp:attachment":[{"href":"https:\/\/evotek.md\/ro\/wp-json\/wp\/v2\/media?parent=3807"}],"curies":[{"name":"wp","href":"https:\/\/api.w.org\/{rel}","templated":true}]}}