{"id":38062,"date":"2023-07-12T10:04:13","date_gmt":"2023-07-12T10:04:13","guid":{"rendered":"https:\/\/evotek.md\/?post_type=product&#038;p=38062"},"modified":"2023-07-12T10:13:05","modified_gmt":"2023-07-12T10:13:05","slug":"retigo-oa11-0040","status":"publish","type":"product","link":"https:\/\/evotek.md\/ro\/produse\/fara-categorie\/retigo-oa11-0040\/","title":{"rendered":"DETERGENT, SOLUTIE PENTRU SPALARE ACTIVE CLEANER -RETIGO OA11-0040"},"content":{"rendered":"<p><strong>DDETERGENT, SOLUTIE PENTRU SPALARE ACTIVE CLEANER -RETIGO OA11-0040-<\/strong> Retigo Active Cleaner este un agent de cur\u0103\u021bare destinat cuptoarelor de convec\u021bie cu sp\u0103lare automat\u0103 din seria Retigo Vision. Cu utilizarea regulat\u0103 a Active Cleaner, cuptorul Retigo va ar\u0103ta ca nou, f\u0103r\u0103 urme de coacere sau gr\u0103sime \u00een camera cuptorului.<\/p>\n<p>50 pungi de 60 g<\/p>\n","protected":false},"excerpt":{"rendered":"<p>Detergent, solutie pentru spalare Retigo Active Cleaner, 50 pungi de 60 gr.<\/p>\n","protected":false},"featured_media":38060,"template":"","meta":[],"_links":{"self":[{"href":"https:\/\/evotek.md\/ro\/wp-json\/wp\/v2\/product\/38062"}],"collection":[{"href":"https:\/\/evotek.md\/ro\/wp-json\/wp\/v2\/product"}],"about":[{"href":"https:\/\/evotek.md\/ro\/wp-json\/wp\/v2\/types\/product"}],"wp:featuredmedia":[{"embeddable":true,"href":"https:\/\/evotek.md\/ro\/wp-json\/wp\/v2\/media\/38060"}],"wp:attachment":[{"href":"https:\/\/evotek.md\/ro\/wp-json\/wp\/v2\/media?parent=38062"}],"curies":[{"name":"wp","href":"https:\/\/api.w.org\/{rel}","templated":true}]}}