{"id":38043,"date":"2023-07-07T11:50:22","date_gmt":"2023-07-07T11:50:22","guid":{"rendered":"https:\/\/evotek.md\/?post_type=product&#038;p=38043"},"modified":"2023-07-07T11:53:07","modified_gmt":"2023-07-07T11:53:07","slug":"despicator-negru-26-cm-sanelli-s335-026","status":"publish","type":"product","link":"https:\/\/evotek.md\/ro\/produse\/accesorii-si-inventar-bucatarie\/cutite-bucatarie\/despicator-negru-26-cm-sanelli-s335-026\/","title":{"rendered":"DESPICATOR, NEGRU 26 cm Sanelli-S335.026"},"content":{"rendered":"<p><strong>DESPICATOR, NEGRU 26 cm Sanelli-S335.026 &#8211;<\/strong> Cu\u021bitele Supra sunt special concepute pentru uz profesional: lamele de \u00eenalt\u0103 calitate sunt fabricate din o\u021bel inoxidabil special NITRO-B cu adaos de azot (1.4916) \u0219i apoi combinate cu m\u00e2nere ergonomice de la SEBS. Toate materialele sunt supuse sterilizare, sunt foarte rezistente la \u0219ocuri, agen\u021bi corozivi \u0219i temperaturi ridicate \u0219i respect\u0103 reglement\u0103rile UE de igien\u0103 alimentar\u0103.<\/p>\n<p>Lama este fabricat\u0103 din o\u021bel inoxidabil Nitro-B special pentru cea mai bun\u0103 performan\u021b\u0103, ascu\u021bit\u0103 cu precizie \u0219i controlat\u0103 cu laser. Manere ergonomice antiderapante SEBS, rezistente la abraziune \u0219i perfect conectate la lam\u0103 pentru o igien\u0103 maxim\u0103.<\/p>\n<p>Caracteristici<br \/>\nLam\u0103: 26 cm<br \/>\nGreutate: 1,250 Kg<br \/>\nMaterial: o\u021bel inoxidabil cu azot<br \/>\nCuloare: negru<\/p>\n","protected":false},"excerpt":{"rendered":"<p>Despic\u0103tor. Lungime: 26 cm; Greutate: 1,250 Kg; Material: o\u021bel inoxidabil cu azot; Culoare: negru.<\/p>\n","protected":false},"featured_media":38046,"template":"","meta":[],"_links":{"self":[{"href":"https:\/\/evotek.md\/ro\/wp-json\/wp\/v2\/product\/38043"}],"collection":[{"href":"https:\/\/evotek.md\/ro\/wp-json\/wp\/v2\/product"}],"about":[{"href":"https:\/\/evotek.md\/ro\/wp-json\/wp\/v2\/types\/product"}],"wp:featuredmedia":[{"embeddable":true,"href":"https:\/\/evotek.md\/ro\/wp-json\/wp\/v2\/media\/38046"}],"wp:attachment":[{"href":"https:\/\/evotek.md\/ro\/wp-json\/wp\/v2\/media?parent=38043"}],"curies":[{"name":"wp","href":"https:\/\/api.w.org\/{rel}","templated":true}]}}