{"id":38038,"date":"2023-07-07T09:23:16","date_gmt":"2023-07-07T09:23:16","guid":{"rendered":"https:\/\/evotek.md\/?post_type=product&#038;p=38038"},"modified":"2023-07-07T09:24:46","modified_gmt":"2023-07-07T09:24:46","slug":"st-284303","status":"publish","type":"product","link":"https:\/\/evotek.md\/ro\/produse\/accesorii-si-inventar-bucatarie\/cutite-bucatarie\/st-284303\/","title":{"rendered":"CU\u021aIT PENTRU P\u00c2INE 300 mm -ST-284303"},"content":{"rendered":"<p><strong>CU\u021aIT PENTRU P\u00c2INE 300 mm -ST-284303- <\/strong>Cu\u021bite profesionale de buc\u0103t\u0103rie de calitate european\u0103 pentru hoteluri, restaurante, cafenele \u0219i baruri.<\/p>\n<p>Caracteristici<\/p>\n<p>Lungime: 3<span style=\"font-size: 14.4px\">00 mm<\/span><\/p>\n<p>Culoare: galben<\/p>\n<p>Poate fi sp\u0103lat \u00een ma\u0219ina de sp\u0103lat vase.<\/p>\n<p>&nbsp;<\/p>\n<p>&nbsp;<\/p>\n","protected":false},"excerpt":{"rendered":"<p>Cu\u021bit pentru p\u00e2ine 300 mm. Culoare: galben; Poate fi sp\u0103lat \u00een ma\u0219ina de sp\u0103lat vase.<\/p>\n","protected":false},"featured_media":38041,"template":"","meta":[],"_links":{"self":[{"href":"https:\/\/evotek.md\/ro\/wp-json\/wp\/v2\/product\/38038"}],"collection":[{"href":"https:\/\/evotek.md\/ro\/wp-json\/wp\/v2\/product"}],"about":[{"href":"https:\/\/evotek.md\/ro\/wp-json\/wp\/v2\/types\/product"}],"wp:featuredmedia":[{"embeddable":true,"href":"https:\/\/evotek.md\/ro\/wp-json\/wp\/v2\/media\/38041"}],"wp:attachment":[{"href":"https:\/\/evotek.md\/ro\/wp-json\/wp\/v2\/media?parent=38038"}],"curies":[{"name":"wp","href":"https:\/\/api.w.org\/{rel}","templated":true}]}}