{"id":38023,"date":"2023-07-06T11:03:44","date_gmt":"2023-07-06T11:03:44","guid":{"rendered":"https:\/\/evotek.md\/?post_type=product&#038;p=38023"},"modified":"2023-07-06T11:19:48","modified_gmt":"2023-07-06T11:19:48","slug":"sirman-65248002","status":"publish","type":"product","link":"https:\/\/evotek.md\/ro\/produse\/echipamente-electromecanice\/blendere\/sirman-65248002\/","title":{"rendered":"BLENDER GRI, 1.5 LITRI -SIRMAN-65248002"},"content":{"rendered":"<p><strong>BLENDER GRI, 1.5 LITRI -SIRMAN-65248002-<\/strong> Carcasa este gri, f\u0103r\u0103 col\u021buri \u0219i cus\u0103turi pentru o cur\u0103\u021bare u\u0219oar\u0103. Motor de mare putere cu ventilatie. Sticl\u0103 din Lexan transparent\u0103, care se poate sp\u0103la \u00een ma\u0219ina de sp\u0103lat vase. Capac pentru pahare din cauciuc cu etan\u0219eitate perfect\u0103, cu dop \u0219i cup\u0103 gradat\u0103 pentru ad\u0103ugarea ingredientelor \u00een timpul lucrului. Sistem de angrenaj din cauciuc vulcanic cu din\u021bi opu\u0219i pentru angrenaj ridicat \u0219i reducerea zgomotului. Cu\u021bit cu patru lame ob\u021binut printr-o singur\u0103 \u0219tan\u021bare, din o\u021bel inoxidabil, poate fi u\u0219or demontat. Micro\u00eentrerup\u0103tor de siguran\u021b\u0103 pe capacul paharului.<\/p>\n<p>Caracteristici<br \/>\nViteza: 16.000 rpm<br \/>\nVolumul bolului este de 1,5 litri.<br \/>\nTensiune: 220V<br \/>\nPutere electrica: 0,45 kW<br \/>\nLungime: 213 mm<br \/>\nLatime: 200 mm<br \/>\nInaltime: 416 mm<br \/>\nGreutate neta: 3 kg<\/p>\n","protected":false},"excerpt":{"rendered":"<p>Blender profesional 1,5 l. Viteza: 16.000 rpm; Volumul bolului este de 1,5 litri; Tensiune: 220V; Putere electrica: 0,45 kW; Lungime: 213 mm; Latime: 200 mm; Inaltime: 416 mm; Greutate neta: 3 kg.<\/p>\n","protected":false},"featured_media":38022,"template":"","meta":[],"_links":{"self":[{"href":"https:\/\/evotek.md\/ro\/wp-json\/wp\/v2\/product\/38023"}],"collection":[{"href":"https:\/\/evotek.md\/ro\/wp-json\/wp\/v2\/product"}],"about":[{"href":"https:\/\/evotek.md\/ro\/wp-json\/wp\/v2\/types\/product"}],"wp:featuredmedia":[{"embeddable":true,"href":"https:\/\/evotek.md\/ro\/wp-json\/wp\/v2\/media\/38022"}],"wp:attachment":[{"href":"https:\/\/evotek.md\/ro\/wp-json\/wp\/v2\/media?parent=38023"}],"curies":[{"name":"wp","href":"https:\/\/api.w.org\/{rel}","templated":true}]}}