{"id":38020,"date":"2023-07-06T10:50:21","date_gmt":"2023-07-06T10:50:21","guid":{"rendered":"https:\/\/evotek.md\/?post_type=product&#038;p=38020"},"modified":"2023-07-06T11:01:52","modified_gmt":"2023-07-06T11:01:52","slug":"sirman-65330002","status":"publish","type":"product","link":"https:\/\/evotek.md\/ro\/produse\/echipamente-electromecanice\/blendere\/sirman-65330002\/","title":{"rendered":"BLENDER GRI, 2 LITRI -SIRMAN-65330002"},"content":{"rendered":"<p><strong>BLENDER GRI, 2 LITRI -SIRMAN-65330002-<\/strong> Blender profesional conceput pentru nevoile specifice barurilor, restaurantelor, cantinelor etc. Carcasa aparatului este realizata din aluminiu extrudat, iar lateralele sale sunt din plastic ABS termoformat. Un sistem special de etan\u0219are \u00eempiedic\u0103 p\u0103trunderea lichidului \u00een dispozitiv.<\/p>\n<p>Motor de mare putere cu sistem de ventila\u021bie for\u021bat\u0103 pentru utilizare continu\u0103 lung\u0103 \u0219i durat\u0103 de via\u021b\u0103 mai lung\u0103. Micro\u00eentrerup\u0103tor magnetic de siguran\u021b\u0103 pe capacul paharului f\u0103r\u0103 pozi\u021bie fix\u0103.<br \/>\n\u00centrerup\u0103tor cu membran\u0103 din silicon cu butoane ON \u0219i OFF \u0219i \u00eentrerup\u0103tor de circuit cu declan\u0219are de tensiune zero.<br \/>\nPaharul p\u0103trat de 2 litri este realizat din material transparent, indestructibil \u0219i este gradat \u00een litri sau galoane pentru Marea Britanie \u0219i SUA.<br \/>\nModelul este foarte practic, v\u0103 permite s\u0103 turna\u021bi con\u021binutul \u00een 3 direc\u021bii diferite, ideal pentru a face cocktail-uri cu ghea\u021b\u0103, cocktail-uri de fructe cu siropuri \u0219i concentrate.<\/p>\n<p>Capacul paharului este din cauciuc si are o cana gradata pentru adaugarea ingredientelor.<br \/>\nSuportul de cu\u021bit din o\u021bel inoxidabil poate fi \u00eendep\u0103rtat cu u\u0219urin\u021b\u0103 de pe sticl\u0103 pentru o cur\u0103\u021bare u\u0219oar\u0103.<br \/>\nAxul cu\u021bitului este sus\u021binut de rulmen\u021bi cu bile, ceea ce previne supra\u00eenc\u0103lzirea \u0219i asigur\u0103 o durat\u0103 lung\u0103 de via\u021b\u0103.<br \/>\nSistem de transmisie cu stea din o\u021bel sinterizat de \u00eenalt\u0103 rezisten\u021b\u0103.<\/p>\n<p>Cu\u021bit cu 4 lame, solid forjat din o\u021bel c\u0103lit folosit la fabricarea tac\u00e2murilor, potrivit \u0219i pentru zdrobirea ghe\u021bii.<br \/>\nSticla p\u0103trat\u0103 este realizat\u0103 \u00een a\u0219a fel \u00eenc\u00e2t s\u0103 v\u0103 permit\u0103 s\u0103 lucra\u021bi cu o cantitate mare de ghea\u021b\u0103, inclusiv cu ghea\u021b\u0103 uscat\u0103.<br \/>\nSticla practic\u0103 \u0219i func\u021bional\u0103 v\u0103 permite s\u0103 turna\u021bi con\u021binutul \u00een 3 direc\u021bii diferite.<br \/>\nIdeal pentru prepararea de cocktailuri cu ghea\u021b\u0103 sau cocktailuri de fructe cu siropuri \u0219i concentrate.<br \/>\nSistem de transmisie multipunct din otel inoxidabil.<\/p>\n<p>Caracteristici<br \/>\nVolumul bolului: 2 litri<br \/>\nViteza: 16000 rpm<br \/>\nTensiune: 220V<br \/>\nPutere electrica: 0,75 kW<br \/>\nLungime: 208 mm<br \/>\nLatime: 210 mm<br \/>\nInaltime: 490 mm<br \/>\nGreutate neta: 5 kg<\/p>\n<p>&nbsp;<\/p>\n","protected":false},"excerpt":{"rendered":"<p>Blender profesional 2 l. Viteza: 16000 rpm; Tensiune: 220V; Putere electrica: 0,75 kW; Lungime: 208 mm; Latime: 210 mm; Inaltime: 490 mm; Greutate neta: 5 kg.<\/p>\n","protected":false},"featured_media":38022,"template":"","meta":[],"_links":{"self":[{"href":"https:\/\/evotek.md\/ro\/wp-json\/wp\/v2\/product\/38020"}],"collection":[{"href":"https:\/\/evotek.md\/ro\/wp-json\/wp\/v2\/product"}],"about":[{"href":"https:\/\/evotek.md\/ro\/wp-json\/wp\/v2\/types\/product"}],"wp:featuredmedia":[{"embeddable":true,"href":"https:\/\/evotek.md\/ro\/wp-json\/wp\/v2\/media\/38022"}],"wp:attachment":[{"href":"https:\/\/evotek.md\/ro\/wp-json\/wp\/v2\/media?parent=38020"}],"curies":[{"name":"wp","href":"https:\/\/api.w.org\/{rel}","templated":true}]}}