{"id":3802,"date":"2020-03-04T13:45:25","date_gmt":"2020-03-04T13:46:37","guid":{"rendered":"https:\/\/evotek.md\/?post_type=product&#038;p=3802"},"modified":"2024-03-07T13:20:54","modified_gmt":"2024-03-07T13:20:54","slug":"carucior-pentru-servire-2-m-09300545","status":"publish","type":"product","link":"https:\/\/evotek.md\/ro\/produse\/mobila-din-inox\/carucioare-pentru-transportare-si-depozitare\/carucior-pentru-servire-2-m-09300545\/","title":{"rendered":"CARUCIOR DE SERVIRE, 2 NIVELE, DIN INOX -M-09300545"},"content":{"rendered":"<p><strong>CARUCIOR DE SERVIRE, 2 NIVELE, DIN INOX -M-09300545- <\/strong>C\u0103rucior de servire din inox rezistent, u\u0219or de asamblat \u0219i de cur\u0103\u021bat. Fiecare suprafa\u021b\u0103 poate transporta p\u00e2n\u0103 la 40 kg. C\u0103ruciorul de service are 4 ro\u021bi, toate cu fr\u00e2ne. Acest c\u0103rucior este o necesitate pentru orice organiza\u021bie din alimenta\u021bia public\u0103. Facilit\u0103\u021bi: C\u0103rucior de servire fiabil; Dotat cu 2 suprafe\u021be din inox; Suprafe\u021bele de lucru au margini curbate; Col\u021burile sunt sudate \u0219i lustruite.<\/p>\n<p>Caracteristici<\/p>\n<p>Dimensiuni: 950x510x940 mm<\/p>\n<p>Capacitatea: 40 kg pentru o suprafa\u021b\u0103<\/p>\n<p>Capacitate total\u0103: 80 kg<\/p>\n<p>\u021aevi cu diametrul de 20 mm.<\/p>\n<p>Distan\u021ba dintre suprafe\u021be: 600 mm<\/p>\n<p>Greutate net\u0103: 12 kg<\/p>\n<p>&nbsp;<\/p>\n","protected":false},"excerpt":{"rendered":"<p>C\u0103rucior pentru servire. Dimensiuni: 950x510x940 mm; Capacitatea: 40 kg pentru o suprafa\u021b\u0103; Capacitate total\u0103: 80 kg; \u021aevi cu diametrul de 20 mm; Distan\u021ba dintre suprafe\u021be: 600 mm; Greutate net\u0103: 12 kg.<\/p>\n","protected":false},"featured_media":3801,"template":"","meta":[],"_links":{"self":[{"href":"https:\/\/evotek.md\/ro\/wp-json\/wp\/v2\/product\/3802"}],"collection":[{"href":"https:\/\/evotek.md\/ro\/wp-json\/wp\/v2\/product"}],"about":[{"href":"https:\/\/evotek.md\/ro\/wp-json\/wp\/v2\/types\/product"}],"wp:featuredmedia":[{"embeddable":true,"href":"https:\/\/evotek.md\/ro\/wp-json\/wp\/v2\/media\/3801"}],"wp:attachment":[{"href":"https:\/\/evotek.md\/ro\/wp-json\/wp\/v2\/media?parent=3802"}],"curies":[{"name":"wp","href":"https:\/\/api.w.org\/{rel}","templated":true}]}}