{"id":37997,"date":"2023-07-04T07:45:58","date_gmt":"2023-07-04T07:45:57","guid":{"rendered":"https:\/\/evotek.md\/?post_type=product&#038;p=37997"},"modified":"2023-07-04T07:52:03","modified_gmt":"2023-07-04T07:52:03","slug":"mec-klp-66-72","status":"publish","type":"product","link":"https:\/\/evotek.md\/ro\/produse\/echipamente-termice\/cuptoare-pentru-pizza-cuptoare\/mec-klp-66-72\/","title":{"rendered":"CUPTOR ELECTRIC PENTRU PIZZA 6+6 PIZZA \u00d8 32 mm -MEC-KLP 66\/72"},"content":{"rendered":"<p><strong>CUPTOR ELECTRIC PENTRU PIZZA 6+6 PIZZA \u00d8 32 mm -MEC-KLP 66\/72-<\/strong>\u00a0se foloseste in catering si comert pentru coacerea pizza sau paine.<\/p>\n<p><strong>Particularitati:<\/strong><br \/>\nStructur\u0103 din o\u021bel inoxidabil<br \/>\nLumina interioar\u0103<br \/>\nSenzor de temperatur\u0103 pe fiecare camer\u0103 de coacere<br \/>\nSuprafa\u021b\u0103 de copt refractar\u0103 de calitate alimentar\u0103<br \/>\n2 termostate per camera de coacere<br \/>\nElemente de \u00eenc\u0103lzire blindate<\/p>\n<p>Caracteristici<br \/>\nNivele: 2<br \/>\nTemperatura maxima de functionare: 500 \u00b0C<br \/>\nConexiune: 18 kW<br \/>\nGreutate: 205 kg<br \/>\nDimensiuni exterioare: 1010x1210x750mm<br \/>\nDimensiuni interioare: 720x1080x140mm<br \/>\nPizza: \u00d8 32 mm<br \/>\nCapacitate totala de pizza: 12<\/p>\n","protected":false},"excerpt":{"rendered":"<p>Cuptor electric pentru pizza cu doua nivele; Nivele: 2; Temperatura maxima de functionare: 500 \u00b0C; Conexiune: 18 kW; Greutate: 205 kg; Dimensiuni exterioare: 1010x1210x750mm; Dimensiuni interioare: 720x1080x140mm; Pizza: \u00d8 32 mm; Capacitate totala de pizza: 12.<\/p>\n","protected":false},"featured_media":30853,"template":"","meta":[],"_links":{"self":[{"href":"https:\/\/evotek.md\/ro\/wp-json\/wp\/v2\/product\/37997"}],"collection":[{"href":"https:\/\/evotek.md\/ro\/wp-json\/wp\/v2\/product"}],"about":[{"href":"https:\/\/evotek.md\/ro\/wp-json\/wp\/v2\/types\/product"}],"wp:featuredmedia":[{"embeddable":true,"href":"https:\/\/evotek.md\/ro\/wp-json\/wp\/v2\/media\/30853"}],"wp:attachment":[{"href":"https:\/\/evotek.md\/ro\/wp-json\/wp\/v2\/media?parent=37997"}],"curies":[{"name":"wp","href":"https:\/\/api.w.org\/{rel}","templated":true}]}}