{"id":37983,"date":"2023-06-30T13:35:58","date_gmt":"2023-06-30T13:42:30","guid":{"rendered":"https:\/\/evotek.md\/?post_type=product&#038;p=37983"},"modified":"2023-06-30T13:42:30","modified_gmt":"2023-06-30T13:42:30","slug":"everlasting-bca000","status":"publish","type":"product","link":"https:\/\/evotek.md\/ro\/produse\/echipamente-frigorifice\/congelator-cu-soc-termic\/everlasting-bca000\/","title":{"rendered":"CONGELATOR CU SOC TERMIC, MODEL PENTRU CARUCIOR DE 20 NIVELE -EVERLASTING-BCA000"},"content":{"rendered":"<p><strong>CONGELATOR CU SOC TERMIC, MODEL PENTRU CARUCIOR DE 20 NIVELE -EVERLASTING-BCA000-<\/strong> Modelul compact KING TROLLEY COMPACT de la EVERLASTING este un dispozitiv care reduce \u0219oc temperatura alimentelor, at\u00e2t proaspete, c\u00e2t \u0219i pre-g\u0103tite, \u0219i astfel \u00ee\u0219i p\u0103streaz\u0103 perfect propriet\u0103\u021bile \u00een timpul depozit\u0103rii. \u00cen plus, acest echipament este potrivit \u0219i pentru depozitarea pe\u0219telui, igienizarea pe\u0219telui, \u00eent\u0103rirea \u00eenghe\u021batei, r\u0103cirea \u0219i uscarea ciocolatei.<\/p>\n<p>Datorit\u0103 unui sistem puternic de ventila\u021bie, r\u0103ce\u0219te sau \u00eenghea\u021b\u0103 rapid alimentele \u0219i \u00een acela\u0219i timp previne formarea macrocristalelor de ghea\u021b\u0103 care ar putea afecta calitatea \u0219i gustul. Fiecare ciclu poate fi setat la SOFT (pentru produse delicate, sub\u021biri \u0219i mici) sau HARD (pentru produse mari, groase sau ambalate).<\/p>\n<p>Caracteristici<br \/>\nDimensiuni (LxPxA): 950x1360x2430 mm<br \/>\nDimensiunea u\u0219ii: 750&#215;1860 mm<br \/>\nGrosime izolare: 70 mm<br \/>\nCapacitate c\u0103rucior: 2 x 20 GN 1\/1 &#8211; 1 x 20 GN 2\/1 &#8211; 1 x 20 EN 60&#215;40 cm &#8211; 1 x 20 EN 60&#215;80 cm.<br \/>\nCapacitate de r\u0103cire rapid\u0103: 80 kg<br \/>\nCapacitate de congelare prin explozie: 55 kg<br \/>\nIntrare: 4100 W<br \/>\nAlimentare: 400V\/3N\/50Hz<br \/>\nClasa de clima: pana la 43\u00b0C<br \/>\nLichid de r\u0103cire: gaz R452A<br \/>\nGreutate: 420 kg<\/p>\n","protected":false},"excerpt":{"rendered":"<p>Congelator cu soc termic, model pentru carucior de 20 nivele. Dimensiuni (LxPxA): 950x1360x2430 mm; Dimensiunea u\u0219ii: 750&#215;1860 mm; Grosime izolare: 70 mm; Capacitate c\u0103rucior: 2 x 20 GN 1\/1 &#8211; 1 x 20 GN 2\/1 &#8211; 1 x 20 EN 60&#215;40 cm &#8211; 1 x 20 EN 60&#215;80 cm; Capacitate de r\u0103cire rapid\u0103: 80 kg; Capacitate de congelare prin explozie: 55 kg; Intrare: 4100 W; Alimentare: 400V\/3N\/50Hz; Clasa de clima: pana la 43\u00b0C; Lichid de r\u0103cire: gaz R452A; Greutate: 420 kg.<\/p>\n","protected":false},"featured_media":37987,"template":"","meta":[],"_links":{"self":[{"href":"https:\/\/evotek.md\/ro\/wp-json\/wp\/v2\/product\/37983"}],"collection":[{"href":"https:\/\/evotek.md\/ro\/wp-json\/wp\/v2\/product"}],"about":[{"href":"https:\/\/evotek.md\/ro\/wp-json\/wp\/v2\/types\/product"}],"wp:featuredmedia":[{"embeddable":true,"href":"https:\/\/evotek.md\/ro\/wp-json\/wp\/v2\/media\/37987"}],"wp:attachment":[{"href":"https:\/\/evotek.md\/ro\/wp-json\/wp\/v2\/media?parent=37983"}],"curies":[{"name":"wp","href":"https:\/\/api.w.org\/{rel}","templated":true}]}}