{"id":37961,"date":"2023-06-30T12:42:09","date_gmt":"2023-06-30T12:45:30","guid":{"rendered":"https:\/\/evotek.md\/?post_type=product&#038;p=37961"},"modified":"2023-06-30T12:45:35","modified_gmt":"2023-06-30T12:45:35","slug":"supapa-electromagnetica-pentru-retigo-ea12-0061","status":"publish","type":"product","link":"https:\/\/evotek.md\/ro\/produse\/fara-categorie\/supapa-electromagnetica-pentru-retigo-ea12-0061\/","title":{"rendered":"SUPAPA ELECTROMAGNETICA PENTRU RETIGO-EA12-0061"},"content":{"rendered":"<p><strong>SUPAPA ELECTROMAGNETICA PENTRU RETIGO-EA12-0061<\/strong><\/p>\n<p>Supap\u0103 electromagnetic\u0103 tripl\u0103 pentru RETIGO (EA12-0061)<\/p>\n<p>Caracteristici:<br \/>\ntara de origine: Republica Ceha<\/p>\n","protected":false},"excerpt":{"rendered":"<p>Supap\u0103 electromagnetic\u0103 tripl\u0103 pentru RETIGO (EA12-0061). Tara de origine: Republica Ceha<\/p>\n","protected":false},"featured_media":38002,"template":"","meta":[],"_links":{"self":[{"href":"https:\/\/evotek.md\/ro\/wp-json\/wp\/v2\/product\/37961"}],"collection":[{"href":"https:\/\/evotek.md\/ro\/wp-json\/wp\/v2\/product"}],"about":[{"href":"https:\/\/evotek.md\/ro\/wp-json\/wp\/v2\/types\/product"}],"wp:featuredmedia":[{"embeddable":true,"href":"https:\/\/evotek.md\/ro\/wp-json\/wp\/v2\/media\/38002"}],"wp:attachment":[{"href":"https:\/\/evotek.md\/ro\/wp-json\/wp\/v2\/media?parent=37961"}],"curies":[{"name":"wp","href":"https:\/\/api.w.org\/{rel}","templated":true}]}}