{"id":37922,"date":"2023-06-30T06:38:32","date_gmt":"2023-06-30T06:38:32","guid":{"rendered":"https:\/\/evotek.md\/?post_type=product&#038;p=37922"},"modified":"2023-06-30T06:46:25","modified_gmt":"2023-06-30T06:46:25","slug":"m-09374314","status":"publish","type":"product","link":"https:\/\/evotek.md\/ro\/produse\/echipamente-termice\/aparat-pentru-tarte\/m-09374314\/","title":{"rendered":"FORMA PENTRU TARTE -124\/100 mm -rotund\u0103 4 buc. M-09374314"},"content":{"rendered":"<p><strong>FORMA PENTRU TARTE -124\/100 mm -rotund\u0103 4 buc. M-09374314<\/strong><\/p>\n<p>Caracteristici<br \/>\nForm\u0103 pentru tarte- Rotunde &#8211; 124\/100 mm &#8211; 4 buc.<br \/>\nDimensiunea pl\u0103cii interioare: \u00d8 100 mm<br \/>\nDimensiunea pl\u0103cii exterioare: \u00d8 124 mm<br \/>\n\u00cen\u0103l\u021bimea pl\u0103cii: 23 mm<br \/>\nDimensiuni tava: L380 x D328 mm<\/p>\n","protected":false},"excerpt":{"rendered":"<p>Form\u0103 pentru tarte &#8211; rotund\u0103 &#8211; 124\/100 mm &#8211; 4 buc. Dimensiunea pl\u0103cii interioare: \u00d8 100 mm; Dimensiunea pl\u0103cii exterioare: \u00d8 124 mm; \u00cen\u0103l\u021bimea pl\u0103cii: 23 mm; Dimensiuni tava: L380 x D328 mm.<\/p>\n","protected":false},"featured_media":37925,"template":"","meta":[],"_links":{"self":[{"href":"https:\/\/evotek.md\/ro\/wp-json\/wp\/v2\/product\/37922"}],"collection":[{"href":"https:\/\/evotek.md\/ro\/wp-json\/wp\/v2\/product"}],"about":[{"href":"https:\/\/evotek.md\/ro\/wp-json\/wp\/v2\/types\/product"}],"wp:featuredmedia":[{"embeddable":true,"href":"https:\/\/evotek.md\/ro\/wp-json\/wp\/v2\/media\/37925"}],"wp:attachment":[{"href":"https:\/\/evotek.md\/ro\/wp-json\/wp\/v2\/media?parent=37922"}],"curies":[{"name":"wp","href":"https:\/\/api.w.org\/{rel}","templated":true}]}}