{"id":37907,"date":"2023-06-29T08:59:41","date_gmt":"2023-06-29T08:59:41","guid":{"rendered":"https:\/\/evotek.md\/?post_type=product&#038;p=37907"},"modified":"2023-06-29T09:09:13","modified_gmt":"2023-06-29T09:09:13","slug":"st-820998","status":"publish","type":"product","link":"https:\/\/evotek.md\/ro\/produse\/accesorii-si-inventar-bucatarie\/accesorii-neclasificate\/st-820998\/","title":{"rendered":"SARE IN FORMA DE PASTILE PENTRU UTILIZARE PROFESIONALA 10 kg ST-820998"},"content":{"rendered":"<p><strong>SARE IN FORMA DE PASTILE PENTRU UTILIZARE PROFESIONALA 10 kg ST-820998-<\/strong> Tabletele de sare sunt ambalate la 10 kg. Pentru utilizare \u00een dedurizatoare. Beneficiile folosirii tabletelor: Protejeaza impotriva formarii calcarului. Dedurizare eficienta a apei Reduce depunerile din dusuri, fitinguri si faianta. Consum redus de apa, praf de spalat, sapun, sampon si detergenti pentru masina de spalat vase. Durata de viata crescuta a echipamentelor.<\/p>\n<p>Caracteristici<br \/>\nPastile\u00a0<span style=\"font-size: 14.4px\">de sare<\/span><span style=\"font-size: 14.4px\">\u00a0<\/span><span style=\"font-size: 14.4px\">10 kg\u00a0<\/span><span style=\"font-size: 14.4px\">ambalate.<\/span><\/p>\n","protected":false},"excerpt":{"rendered":"<p>Sare \u00een form\u0103 de pastile pentru utilizarea profesional\u0103, <span style=\"font-size: 14.4px\">10 kg\u00a0<\/span><span style=\"font-size: 14.4px\">ambalate.<\/span><\/p>\n","protected":false},"featured_media":37910,"template":"","meta":[],"_links":{"self":[{"href":"https:\/\/evotek.md\/ro\/wp-json\/wp\/v2\/product\/37907"}],"collection":[{"href":"https:\/\/evotek.md\/ro\/wp-json\/wp\/v2\/product"}],"about":[{"href":"https:\/\/evotek.md\/ro\/wp-json\/wp\/v2\/types\/product"}],"wp:featuredmedia":[{"embeddable":true,"href":"https:\/\/evotek.md\/ro\/wp-json\/wp\/v2\/media\/37910"}],"wp:attachment":[{"href":"https:\/\/evotek.md\/ro\/wp-json\/wp\/v2\/media?parent=37907"}],"curies":[{"name":"wp","href":"https:\/\/api.w.org\/{rel}","templated":true}]}}